{"id":67,"date":"2023-04-17T13:34:16","date_gmt":"2023-04-17T13:34:16","guid":{"rendered":"https:\/\/f-schmitz.net\/benedikt\/?page_id=67"},"modified":"2023-04-20T11:41:42","modified_gmt":"2023-04-20T11:41:42","slug":"pyres","status":"publish","type":"page","link":"https:\/\/f-schmitz.net\/benedikt\/projekte-projects\/pyres\/","title":{"rendered":"pyRES"},"content":{"rendered":"\t\t<div data-elementor-type=\"wp-page\" data-elementor-id=\"67\" class=\"elementor elementor-67\">\n\t\t\t\t\t\t<section class=\"elementor-section elementor-top-section elementor-element elementor-element-5eb6c26b elementor-section-boxed elementor-section-height-default elementor-section-height-default\" data-id=\"5eb6c26b\" data-element_type=\"section\" data-e-type=\"section\">\n\t\t\t\t\t\t<div class=\"elementor-container elementor-column-gap-default\">\n\t\t\t\t\t<div class=\"elementor-column elementor-col-33 elementor-top-column elementor-element elementor-element-649fec45\" data-id=\"649fec45\" data-element_type=\"column\" data-e-type=\"column\">\n\t\t\t<div class=\"elementor-widget-wrap elementor-element-populated\">\n\t\t\t\t\t\t<div class=\"elementor-element elementor-element-367a7285 elementor-widget elementor-widget-heading\" data-id=\"367a7285\" data-element_type=\"widget\" data-e-type=\"widget\" data-widget_type=\"heading.default\">\n\t\t\t\t<div class=\"elementor-widget-container\">\n\t\t\t\t\t<h5 class=\"elementor-heading-title elementor-size-default\">Eckdaten<\/h5>\t\t\t\t<\/div>\n\t\t\t\t<\/div>\n\t\t\t\t<div class=\"elementor-element elementor-element-316f9bf4 elementor-widget elementor-widget-text-editor\" data-id=\"316f9bf4\" data-element_type=\"widget\" data-e-type=\"widget\" data-widget_type=\"text-editor.default\">\n\t\t\t\t<div class=\"elementor-widget-container\">\n\t\t\t\t\t\t\t\t\t<ul><li>Zeit: 10\/2020 \u2013 heute<\/li><li>An der TU Darmstadt, TEMF, Prof. Boine-Frankenheim<\/li><li>Teil der Forschung zur Dissertation<\/li><li>Fokus:<ul><li>Code Entwicklung (mit python)<\/li><li>Bildverarbeitung f\u00fcr RCFs<\/li><li>Kalibrierungen f\u00fcr Datensets<\/li><\/ul><\/li><\/ul>\t\t\t\t\t\t\t\t<\/div>\n\t\t\t\t<\/div>\n\t\t\t\t<div class=\"elementor-element elementor-element-ef1f9bf elementor-widget-divider--view-line elementor-widget elementor-widget-divider\" data-id=\"ef1f9bf\" data-element_type=\"widget\" data-e-type=\"widget\" data-widget_type=\"divider.default\">\n\t\t\t\t<div class=\"elementor-widget-container\">\n\t\t\t\t\t\t\t<div class=\"elementor-divider\">\n\t\t\t<span class=\"elementor-divider-separator\">\n\t\t\t\t\t\t<\/span>\n\t\t<\/div>\n\t\t\t\t\t\t<\/div>\n\t\t\t\t<\/div>\n\t\t\t\t<div class=\"elementor-element elementor-element-153f2743 elementor-widget elementor-widget-heading\" data-id=\"153f2743\" data-element_type=\"widget\" data-e-type=\"widget\" data-widget_type=\"heading.default\">\n\t\t\t\t<div class=\"elementor-widget-container\">\n\t\t\t\t\t<h5 class=\"elementor-heading-title elementor-size-default\">Ergebnisse<\/h5>\t\t\t\t<\/div>\n\t\t\t\t<\/div>\n\t\t\t\t<div class=\"elementor-element elementor-element-518f010 elementor-widget elementor-widget-text-editor\" data-id=\"518f010\" data-element_type=\"widget\" data-e-type=\"widget\" data-widget_type=\"text-editor.default\">\n\t\t\t\t<div class=\"elementor-widget-container\">\n\t\t\t\t\t\t\t\t\t<p>Dieses Projekt resultierte bisher in zwei Publikationen:<\/p><ul><li>Eine Version 1.0 f\u00fcr den pyRES Code<\/li><li>Ein peer-reviewed Artikel<\/li><\/ul>\t\t\t\t\t\t\t\t<\/div>\n\t\t\t\t<\/div>\n\t\t\t\t\t<\/div>\n\t\t<\/div>\n\t\t\t\t<div class=\"elementor-column elementor-col-66 elementor-top-column elementor-element elementor-element-5f673b2b\" data-id=\"5f673b2b\" data-element_type=\"column\" data-e-type=\"column\">\n\t\t\t<div class=\"elementor-widget-wrap elementor-element-populated\">\n\t\t\t\t\t\t<div class=\"elementor-element elementor-element-4e0a7123 elementor-widget elementor-widget-heading\" data-id=\"4e0a7123\" data-element_type=\"widget\" data-e-type=\"widget\" data-widget_type=\"heading.default\">\n\t\t\t\t<div class=\"elementor-widget-container\">\n\t\t\t\t\t<h5 class=\"elementor-heading-title elementor-size-default\">BESCHREIBUNG<\/h5>\t\t\t\t<\/div>\n\t\t\t\t<\/div>\n\t\t\t\t<div class=\"elementor-element elementor-element-601aa315 elementor-widget elementor-widget-text-editor\" data-id=\"601aa315\" data-element_type=\"widget\" data-e-type=\"widget\" data-widget_type=\"text-editor.default\">\n\t\t\t\t<div class=\"elementor-widget-container\">\n\t\t\t\t\t\t\t\t\t<div>Modellierung von laser getriebenen Ionenstrahlen ist ein komplexes Thema. <br \/>W\u00e4hrend viele Simulationen das Problem nur vereinfacht betrachten ist die Datenlage d\u00fcnn und, wie in einer betreuten Arbeit und dem zugeh\u00f6rigen Artikel gezeigt, nicht 100%ig vergleichbar.<\/div><div>Die Variation in den Daten ist eine Folge von nicht exakt definierten Randbedingungen in der Auswertung. <br \/>Mit Hilfe von modernen Bildverarbeitungsmethoden, wie dem Sobol Filter und der Canny Edge Detection, konnte diese Ungenaugikeit reduziert werden.<\/div><div>Die Umsetzung dieser Methoden resultierte dann in der Implementation von pyRES.<\/div><div>py RES ist ein Akronym f\u00fcr pythonic RCF Evaluation Software und erm\u00f6glicht exakt das. Der code ist in Objektorientiertem python 3 geschrieben und wird mit Hilfe der jupyter Pakete ausgef\u00fchrt.<\/div><div>Der Code beinhaltet grundlegende Bildverarbeitungsmethoden und Auswerteroutinen die sowohl das Energiespektrum als auch die Divergenz des Ionenstrahls bestimmen kann. <\/div><div>\u00a0<\/div><div>Der Code ist bisher nur in einer ersten Version verf\u00fcgbar, welche noch viele extern generierte Hilfsdateien ben\u00f6tigt.<\/div><div>Die Weiterentwicklung des Tools und das Einbinden von weiteren Funktionen ist ein Ziel f\u00fcr die nahe Zukunft um eine konsistente Basis und einen neuen Standard in der Auswertung von RCF stacks zu setzen.<\/div>\t\t\t\t\t\t\t\t<\/div>\n\t\t\t\t<\/div>\n\t\t\t\t\t<\/div>\n\t\t<\/div>\n\t\t\t\t\t<\/div>\n\t\t<\/section>\n\t\t\t\t<section class=\"elementor-section elementor-top-section elementor-element elementor-element-17fa5ead elementor-section-boxed elementor-section-height-default elementor-section-height-default\" data-id=\"17fa5ead\" data-element_type=\"section\" data-e-type=\"section\">\n\t\t\t\t\t\t<div class=\"elementor-container elementor-column-gap-default\">\n\t\t\t\t\t<div class=\"elementor-column elementor-col-33 elementor-top-column elementor-element elementor-element-50be5910\" data-id=\"50be5910\" data-element_type=\"column\" data-e-type=\"column\">\n\t\t\t<div class=\"elementor-widget-wrap elementor-element-populated\">\n\t\t\t\t\t\t<div class=\"elementor-element elementor-element-4c040592 elementor-widget elementor-widget-heading\" data-id=\"4c040592\" data-element_type=\"widget\" data-e-type=\"widget\" data-widget_type=\"heading.default\">\n\t\t\t\t<div class=\"elementor-widget-container\">\n\t\t\t\t\t<h5 class=\"elementor-heading-title elementor-size-default\">META<\/h5>\t\t\t\t<\/div>\n\t\t\t\t<\/div>\n\t\t\t\t<div class=\"elementor-element elementor-element-13795ae elementor-widget elementor-widget-text-editor\" data-id=\"13795ae\" data-element_type=\"widget\" data-e-type=\"widget\" data-widget_type=\"text-editor.default\">\n\t\t\t\t<div class=\"elementor-widget-container\">\n\t\t\t\t\t\t\t\t\t<ul><li>Time: 10\/2020 \u2013 today<\/li><li>At TU Darmstadt, TEMF, Prof. Boine-Frankenheim<\/li><li>Part of research for PhD Thesis<\/li><li>Focus:<ul><li>Code development (using python)<\/li><li>Automatic image processing<\/li><li>New calibration of data<\/li><\/ul><\/li><\/ul>\t\t\t\t\t\t\t\t<\/div>\n\t\t\t\t<\/div>\n\t\t\t\t<div class=\"elementor-element elementor-element-7136383f elementor-widget-divider--view-line elementor-widget elementor-widget-divider\" data-id=\"7136383f\" data-element_type=\"widget\" data-e-type=\"widget\" data-widget_type=\"divider.default\">\n\t\t\t\t<div class=\"elementor-widget-container\">\n\t\t\t\t\t\t\t<div class=\"elementor-divider\">\n\t\t\t<span class=\"elementor-divider-separator\">\n\t\t\t\t\t\t<\/span>\n\t\t<\/div>\n\t\t\t\t\t\t<\/div>\n\t\t\t\t<\/div>\n\t\t\t\t<div class=\"elementor-element elementor-element-1110a8a0 elementor-widget elementor-widget-heading\" data-id=\"1110a8a0\" data-element_type=\"widget\" data-e-type=\"widget\" data-widget_type=\"heading.default\">\n\t\t\t\t<div class=\"elementor-widget-container\">\n\t\t\t\t\t<h5 class=\"elementor-heading-title elementor-size-default\">DEliverables<\/h5>\t\t\t\t<\/div>\n\t\t\t\t<\/div>\n\t\t\t\t<div class=\"elementor-element elementor-element-38ceb553 elementor-widget elementor-widget-text-editor\" data-id=\"38ceb553\" data-element_type=\"widget\" data-e-type=\"widget\" data-widget_type=\"text-editor.default\">\n\t\t\t\t<div class=\"elementor-widget-container\">\n\t\t\t\t\t\t\t\t\t<p>The project resultet in two deliverables so far:<\/p><ul><li>pyRES V1.0<\/li><li>One peer-reviewed article<\/li><\/ul>\t\t\t\t\t\t\t\t<\/div>\n\t\t\t\t<\/div>\n\t\t\t\t\t<\/div>\n\t\t<\/div>\n\t\t\t\t<div class=\"elementor-column elementor-col-66 elementor-top-column elementor-element elementor-element-5f08ec57\" data-id=\"5f08ec57\" data-element_type=\"column\" data-e-type=\"column\">\n\t\t\t<div class=\"elementor-widget-wrap elementor-element-populated\">\n\t\t\t\t\t\t<div class=\"elementor-element elementor-element-6dba0188 elementor-widget elementor-widget-heading\" data-id=\"6dba0188\" data-element_type=\"widget\" data-e-type=\"widget\" data-widget_type=\"heading.default\">\n\t\t\t\t<div class=\"elementor-widget-container\">\n\t\t\t\t\t<h5 class=\"elementor-heading-title elementor-size-default\">Description<\/h5>\t\t\t\t<\/div>\n\t\t\t\t<\/div>\n\t\t\t\t<div class=\"elementor-element elementor-element-3105b632 elementor-widget elementor-widget-text-editor\" data-id=\"3105b632\" data-element_type=\"widget\" data-e-type=\"widget\" data-widget_type=\"text-editor.default\">\n\t\t\t\t<div class=\"elementor-widget-container\">\n\t\t\t\t\t\t\t\t\t<p>Modeling laser-driven ion beams is a complex topic.<br \/>While many simulations consider the problem only in a simplified way, the data is sparse and, as shown in a supervised paper and the associated article, not 100% comparable.<br \/>The variation in the data results from boundary conditions in the analysis that are not precisely defined.<br \/>Modern image processing methods, such as the Sobol Filter and Canny Edge Detection, were used to reduce this inaccuracy.<br \/>The testing of these methods then resulted in the implementation of pyRES.<br \/>py RES is an acronym for pythonic RCF Evaluation Software and allows precisely that. The code is written in object-oriented python 3 and is executed using the Jupyter packages.<br \/>The code includes basic image processing methods and evaluation routines that can determine the ion beam&#8217;s energy spectrum and divergence.<\/p><p>The code is only available in the first version, which still requires many externally generated auxiliary files.<br \/>The further development of the tool and the integration of additional functions is a goal for the near future to set a consistent basis and a new standard in the evaluation of RCF stacks.<\/p>\t\t\t\t\t\t\t\t<\/div>\n\t\t\t\t<\/div>\n\t\t\t\t\t<\/div>\n\t\t<\/div>\n\t\t\t\t\t<\/div>\n\t\t<\/section>\n\t\t\t\t<section class=\"elementor-section elementor-top-section elementor-element elementor-element-5d13972f elementor-section-boxed elementor-section-height-default elementor-section-height-default\" data-id=\"5d13972f\" data-element_type=\"section\" data-e-type=\"section\">\n\t\t\t\t\t\t<div class=\"elementor-container elementor-column-gap-default\">\n\t\t\t\t\t<div class=\"elementor-column elementor-col-100 elementor-top-column elementor-element elementor-element-1eeb8afb\" data-id=\"1eeb8afb\" data-element_type=\"column\" data-e-type=\"column\">\n\t\t\t<div class=\"elementor-widget-wrap elementor-element-populated\">\n\t\t\t\t\t\t<div class=\"elementor-element elementor-element-eb19661 elementor-widget-divider--view-line elementor-widget elementor-widget-divider\" data-id=\"eb19661\" data-element_type=\"widget\" data-e-type=\"widget\" data-widget_type=\"divider.default\">\n\t\t\t\t<div class=\"elementor-widget-container\">\n\t\t\t\t\t\t\t<div class=\"elementor-divider\">\n\t\t\t<span class=\"elementor-divider-separator\">\n\t\t\t\t\t\t<\/span>\n\t\t<\/div>\n\t\t\t\t\t\t<\/div>\n\t\t\t\t<\/div>\n\t\t\t\t<div class=\"elementor-element elementor-element-3b5ad254 elementor-widget elementor-widget-image-gallery\" data-id=\"3b5ad254\" data-element_type=\"widget\" data-e-type=\"widget\" data-widget_type=\"image-gallery.default\">\n\t\t\t\t<div class=\"elementor-widget-container\">\n\t\t\t\t\t\t\t<div class=\"elementor-image-gallery\">\n\t\t\t<div id='gallery-1' class='gallery galleryid-67 gallery-columns-4 gallery-size-thumbnail'><figure class='gallery-item'>\n\t\t\t<div class='gallery-icon landscape'>\n\t\t\t\t<a data-elementor-open-lightbox=\"yes\" data-elementor-lightbox-slideshow=\"3b5ad254\" data-elementor-lightbox-title=\"Example for Sobol on the blue component\" data-elementor-lightbox-description=\"Edge detection by applying a Sobol filter on the blue component. Work from B. Endl (see References).\" data-e-action-hash=\"#elementor-action%3Aaction%3Dlightbox%26settings%3DeyJpZCI6MjExLCJ1cmwiOiJodHRwczpcL1wvZi1zY2htaXR6Lm5ldFwvYmVuZWRpa3RcL3dwLWNvbnRlbnRcL3VwbG9hZHNcLzIwMjNcLzA0XC9zb2JlbGIucG5nIiwic2xpZGVzaG93IjoiM2I1YWQyNTQifQ%3D%3D\" href='https:\/\/f-schmitz.net\/benedikt\/wp-content\/uploads\/2023\/04\/sobelb.png'><img decoding=\"async\" width=\"150\" height=\"150\" src=\"https:\/\/f-schmitz.net\/benedikt\/wp-content\/uploads\/2023\/04\/sobelb-150x150.png\" class=\"attachment-thumbnail size-thumbnail\" alt=\"\" aria-describedby=\"gallery-1-211\" srcset=\"https:\/\/f-schmitz.net\/benedikt\/wp-content\/uploads\/2023\/04\/sobelb-150x150.png 150w, https:\/\/f-schmitz.net\/benedikt\/wp-content\/uploads\/2023\/04\/sobelb-300x300.png 300w, https:\/\/f-schmitz.net\/benedikt\/wp-content\/uploads\/2023\/04\/sobelb.png 370w\" sizes=\"(max-width: 150px) 100vw, 150px\" \/><\/a>\n\t\t\t<\/div>\n\t\t\t\t<figcaption class='wp-caption-text gallery-caption' id='gallery-1-211'>\n\t\t\t\tExample for Sobol on the blue component\n\t\t\t\t<\/figcaption><\/figure><figure class='gallery-item'>\n\t\t\t<div class='gallery-icon landscape'>\n\t\t\t\t<a data-elementor-open-lightbox=\"yes\" data-elementor-lightbox-slideshow=\"3b5ad254\" data-elementor-lightbox-title=\"Example for Sobol on the green component\" data-elementor-lightbox-description=\"Edge detection by applying a Sobol filter on the green component. Work from B. Endl (see References).\" data-e-action-hash=\"#elementor-action%3Aaction%3Dlightbox%26settings%3DeyJpZCI6MjEyLCJ1cmwiOiJodHRwczpcL1wvZi1zY2htaXR6Lm5ldFwvYmVuZWRpa3RcL3dwLWNvbnRlbnRcL3VwbG9hZHNcLzIwMjNcLzA0XC9zb2JlbEdydWVuLnBuZyIsInNsaWRlc2hvdyI6IjNiNWFkMjU0In0%3D\" href='https:\/\/f-schmitz.net\/benedikt\/wp-content\/uploads\/2023\/04\/sobelGruen.png'><img decoding=\"async\" width=\"150\" height=\"150\" src=\"https:\/\/f-schmitz.net\/benedikt\/wp-content\/uploads\/2023\/04\/sobelGruen-150x150.png\" class=\"attachment-thumbnail size-thumbnail\" alt=\"\" aria-describedby=\"gallery-1-212\" srcset=\"https:\/\/f-schmitz.net\/benedikt\/wp-content\/uploads\/2023\/04\/sobelGruen-150x150.png 150w, https:\/\/f-schmitz.net\/benedikt\/wp-content\/uploads\/2023\/04\/sobelGruen-300x300.png 300w, https:\/\/f-schmitz.net\/benedikt\/wp-content\/uploads\/2023\/04\/sobelGruen.png 370w\" sizes=\"(max-width: 150px) 100vw, 150px\" \/><\/a>\n\t\t\t<\/div>\n\t\t\t\t<figcaption class='wp-caption-text gallery-caption' id='gallery-1-212'>\n\t\t\t\tExample for Sobol on the green component\n\t\t\t\t<\/figcaption><\/figure><figure class='gallery-item'>\n\t\t\t<div class='gallery-icon landscape'>\n\t\t\t\t<a data-elementor-open-lightbox=\"yes\" data-elementor-lightbox-slideshow=\"3b5ad254\" data-elementor-lightbox-title=\"Example for Sobol on the red component\" data-elementor-lightbox-description=\"Edge detection by applying a Sobol filter on the red component. Work from B. Endl (see References).\" data-e-action-hash=\"#elementor-action%3Aaction%3Dlightbox%26settings%3DeyJpZCI6MjEzLCJ1cmwiOiJodHRwczpcL1wvZi1zY2htaXR6Lm5ldFwvYmVuZWRpa3RcL3dwLWNvbnRlbnRcL3VwbG9hZHNcLzIwMjNcLzA0XC9zb2JlbFJvdC5wbmciLCJzbGlkZXNob3ciOiIzYjVhZDI1NCJ9\" href='https:\/\/f-schmitz.net\/benedikt\/wp-content\/uploads\/2023\/04\/sobelRot.png'><img decoding=\"async\" width=\"150\" height=\"150\" src=\"https:\/\/f-schmitz.net\/benedikt\/wp-content\/uploads\/2023\/04\/sobelRot-150x150.png\" class=\"attachment-thumbnail size-thumbnail\" alt=\"\" aria-describedby=\"gallery-1-213\" srcset=\"https:\/\/f-schmitz.net\/benedikt\/wp-content\/uploads\/2023\/04\/sobelRot-150x150.png 150w, https:\/\/f-schmitz.net\/benedikt\/wp-content\/uploads\/2023\/04\/sobelRot-300x300.png 300w, https:\/\/f-schmitz.net\/benedikt\/wp-content\/uploads\/2023\/04\/sobelRot.png 370w\" sizes=\"(max-width: 150px) 100vw, 150px\" \/><\/a>\n\t\t\t<\/div>\n\t\t\t\t<figcaption class='wp-caption-text gallery-caption' id='gallery-1-213'>\n\t\t\t\tExample for Sobol on the red component\n\t\t\t\t<\/figcaption><\/figure><figure class='gallery-item'>\n\t\t\t<div class='gallery-icon landscape'>\n\t\t\t\t<a data-elementor-open-lightbox=\"yes\" data-elementor-lightbox-slideshow=\"3b5ad254\" data-elementor-lightbox-title=\"All edges\" data-elementor-lightbox-description=\"All edges which were found by joining the three individual results together.\" data-e-action-hash=\"#elementor-action%3Aaction%3Dlightbox%26settings%3DeyJpZCI6MjEwLCJ1cmwiOiJodHRwczpcL1wvZi1zY2htaXR6Lm5ldFwvYmVuZWRpa3RcL3dwLWNvbnRlbnRcL3VwbG9hZHNcLzIwMjNcLzA0XC9hbGxlS2FudGVuLnBuZyIsInNsaWRlc2hvdyI6IjNiNWFkMjU0In0%3D\" href='https:\/\/f-schmitz.net\/benedikt\/wp-content\/uploads\/2023\/04\/alleKanten.png'><img loading=\"lazy\" decoding=\"async\" width=\"150\" height=\"150\" src=\"https:\/\/f-schmitz.net\/benedikt\/wp-content\/uploads\/2023\/04\/alleKanten-150x150.png\" class=\"attachment-thumbnail size-thumbnail\" alt=\"\" aria-describedby=\"gallery-1-210\" srcset=\"https:\/\/f-schmitz.net\/benedikt\/wp-content\/uploads\/2023\/04\/alleKanten-150x150.png 150w, https:\/\/f-schmitz.net\/benedikt\/wp-content\/uploads\/2023\/04\/alleKanten-300x300.png 300w, https:\/\/f-schmitz.net\/benedikt\/wp-content\/uploads\/2023\/04\/alleKanten.png 370w\" sizes=\"(max-width: 150px) 100vw, 150px\" \/><\/a>\n\t\t\t<\/div>\n\t\t\t\t<figcaption class='wp-caption-text gallery-caption' id='gallery-1-210'>\n\t\t\t\tAll edges\n\t\t\t\t<\/figcaption><\/figure><figure class='gallery-item'>\n\t\t\t<div class='gallery-icon portrait'>\n\t\t\t\t<a data-elementor-open-lightbox=\"yes\" data-elementor-lightbox-slideshow=\"3b5ad254\" data-elementor-lightbox-title=\"Reduced edge count\" data-elementor-lightbox-description=\"The number of edges is reduced by comparing the different shapes and cutting non closed edges.\" data-e-action-hash=\"#elementor-action%3Aaction%3Dlightbox%26settings%3DeyJpZCI6MjE0LCJ1cmwiOiJodHRwczpcL1wvZi1zY2htaXR6Lm5ldFwvYmVuZWRpa3RcL3dwLWNvbnRlbnRcL3VwbG9hZHNcLzIwMjNcLzA0XC93ZW5pZ2VyS2FudGVuLnBuZyIsInNsaWRlc2hvdyI6IjNiNWFkMjU0In0%3D\" href='https:\/\/f-schmitz.net\/benedikt\/wp-content\/uploads\/2023\/04\/wenigerKanten.png'><img loading=\"lazy\" decoding=\"async\" width=\"150\" height=\"150\" src=\"https:\/\/f-schmitz.net\/benedikt\/wp-content\/uploads\/2023\/04\/wenigerKanten-150x150.png\" class=\"attachment-thumbnail size-thumbnail\" alt=\"\" aria-describedby=\"gallery-1-214\" srcset=\"https:\/\/f-schmitz.net\/benedikt\/wp-content\/uploads\/2023\/04\/wenigerKanten-150x150.png 150w, https:\/\/f-schmitz.net\/benedikt\/wp-content\/uploads\/2023\/04\/wenigerKanten-300x300.png 300w, https:\/\/f-schmitz.net\/benedikt\/wp-content\/uploads\/2023\/04\/wenigerKanten-1020x1024.png 1020w, https:\/\/f-schmitz.net\/benedikt\/wp-content\/uploads\/2023\/04\/wenigerKanten-768x771.png 768w, https:\/\/f-schmitz.net\/benedikt\/wp-content\/uploads\/2023\/04\/wenigerKanten.png 1493w\" sizes=\"(max-width: 150px) 100vw, 150px\" \/><\/a>\n\t\t\t<\/div>\n\t\t\t\t<figcaption class='wp-caption-text gallery-caption' id='gallery-1-214'>\n\t\t\t\tReduced edge count\n\t\t\t\t<\/figcaption><\/figure><figure class='gallery-item'>\n\t\t\t<div class='gallery-icon landscape'>\n\t\t\t\t<a data-elementor-open-lightbox=\"yes\" data-elementor-lightbox-slideshow=\"3b5ad254\" data-elementor-lightbox-title=\"pyRES results\" data-elementor-lightbox-description=\"Different results from pyRES taken from the corresponding paper.\" data-e-action-hash=\"#elementor-action%3Aaction%3Dlightbox%26settings%3DeyJpZCI6MjE1LCJ1cmwiOiJodHRwczpcL1wvZi1zY2htaXR6Lm5ldFwvYmVuZWRpa3RcL3dwLWNvbnRlbnRcL3VwbG9hZHNcLzIwMjNcLzA0XC9leGFtcGxlcHlSRVMucG5nIiwic2xpZGVzaG93IjoiM2I1YWQyNTQifQ%3D%3D\" href='https:\/\/f-schmitz.net\/benedikt\/wp-content\/uploads\/2023\/04\/examplepyRES.png'><img loading=\"lazy\" decoding=\"async\" width=\"150\" height=\"150\" src=\"https:\/\/f-schmitz.net\/benedikt\/wp-content\/uploads\/2023\/04\/examplepyRES-150x150.png\" class=\"attachment-thumbnail size-thumbnail\" alt=\"\" aria-describedby=\"gallery-1-215\" \/><\/a>\n\t\t\t<\/div>\n\t\t\t\t<figcaption class='wp-caption-text gallery-caption' id='gallery-1-215'>\n\t\t\t\tpyRES results\n\t\t\t\t<\/figcaption><\/figure>\n\t\t<\/div>\n\t\t<\/div>\n\t\t\t\t\t\t<\/div>\n\t\t\t\t<\/div>\n\t\t\t\t<div class=\"elementor-element elementor-element-6542416e elementor-widget-divider--view-line elementor-widget elementor-widget-divider\" data-id=\"6542416e\" data-element_type=\"widget\" data-e-type=\"widget\" data-widget_type=\"divider.default\">\n\t\t\t\t<div class=\"elementor-widget-container\">\n\t\t\t\t\t\t\t<div class=\"elementor-divider\">\n\t\t\t<span class=\"elementor-divider-separator\">\n\t\t\t\t\t\t<\/span>\n\t\t<\/div>\n\t\t\t\t\t\t<\/div>\n\t\t\t\t<\/div>\n\t\t\t\t<div class=\"elementor-element elementor-element-17ad656f elementor-widget elementor-widget-heading\" data-id=\"17ad656f\" data-element_type=\"widget\" data-e-type=\"widget\" data-widget_type=\"heading.default\">\n\t\t\t\t<div class=\"elementor-widget-container\">\n\t\t\t\t\t<h5 class=\"elementor-heading-title elementor-size-default\">Links und Referenzen \/ Links and References<\/h5>\t\t\t\t<\/div>\n\t\t\t\t<\/div>\n\t\t\t\t<div class=\"elementor-element elementor-element-7c7f709c elementor-widget elementor-widget-text-editor\" data-id=\"7c7f709c\" data-element_type=\"widget\" data-e-type=\"widget\" data-widget_type=\"text-editor.default\">\n\t\t\t\t<div class=\"elementor-widget-container\">\n\t\t\t\t\t\t\t\t\t<ol><li>B. Endl<br \/>Automatisierte Bildverarbeitung f\u00fcr Ionenstrahldiagnostik<br \/>B.Sc. Thesis (2021)<\/li><li><span style=\"font-family: Arial;\">B. Schmitz, M. Metternich, O. Boine-Frankenheim<br \/><a href=\"https:\/\/doi.org\/10.1063\/5.0094105\">Automated reconstruction of the initial distribution of laser accelerated ion beams from radiochromic film (RCF) stacks<\/a><br \/>Rev. Sci. Inst. 93, 093306 (2022) <\/span><\/li><li><span dir=\"ltr\" role=\"presentation\">B. Schmitz, B. Endl<br \/>gitlab: <a href=\"http:\/\/doi.org\/10.5281\/ZENODO.6383868\">pythonbased RCF Evaluation Software<\/a><\/span><span dir=\"ltr\" role=\"presentation\"> (2022)<\/span><\/li><\/ol>\t\t\t\t\t\t\t\t<\/div>\n\t\t\t\t<\/div>\n\t\t\t\t\t<\/div>\n\t\t<\/div>\n\t\t\t\t\t<\/div>\n\t\t<\/section>\n\t\t\t\t<section class=\"elementor-section elementor-top-section elementor-element elementor-element-a843b14 elementor-section-boxed elementor-section-height-default elementor-section-height-default\" data-id=\"a843b14\" data-element_type=\"section\" data-e-type=\"section\">\n\t\t\t\t\t\t<div class=\"elementor-container elementor-column-gap-default\">\n\t\t\t\t\t<div class=\"elementor-column elementor-col-100 elementor-top-column elementor-element elementor-element-53a80871\" data-id=\"53a80871\" data-element_type=\"column\" data-e-type=\"column\">\n\t\t\t<div class=\"elementor-widget-wrap\">\n\t\t\t\t\t\t\t<\/div>\n\t\t<\/div>\n\t\t\t\t\t<\/div>\n\t\t<\/section>\n\t\t\t\t<\/div>\n\t\t","protected":false},"excerpt":{"rendered":"<p>Eckdaten Zeit: 10\/2020 \u2013 heute An der TU Darmstadt, TEMF, Prof. Boine-Frankenheim Teil der Forschung zur Dissertation Fokus: Code Entwicklung (mit python) Bildverarbeitung f\u00fcr RCFs Kalibrierungen f\u00fcr Datensets Ergebnisse Dieses Projekt resultierte bisher in zwei Publikationen: Eine Version 1.0 f\u00fcr den pyRES Code Ein peer-reviewed Artikel BESCHREIBUNG Modellierung von laser getriebenen Ionenstrahlen ist ein komplexes [&hellip;]<\/p>\n","protected":false},"author":1,"featured_media":0,"parent":33,"menu_order":80,"comment_status":"closed","ping_status":"closed","template":"","meta":{"footnotes":""},"class_list":["post-67","page","type-page","status-publish","hentry"],"_links":{"self":[{"href":"https:\/\/f-schmitz.net\/benedikt\/wp-json\/wp\/v2\/pages\/67","targetHints":{"allow":["GET"]}}],"collection":[{"href":"https:\/\/f-schmitz.net\/benedikt\/wp-json\/wp\/v2\/pages"}],"about":[{"href":"https:\/\/f-schmitz.net\/benedikt\/wp-json\/wp\/v2\/types\/page"}],"author":[{"embeddable":true,"href":"https:\/\/f-schmitz.net\/benedikt\/wp-json\/wp\/v2\/users\/1"}],"replies":[{"embeddable":true,"href":"https:\/\/f-schmitz.net\/benedikt\/wp-json\/wp\/v2\/comments?post=67"}],"version-history":[{"count":11,"href":"https:\/\/f-schmitz.net\/benedikt\/wp-json\/wp\/v2\/pages\/67\/revisions"}],"predecessor-version":[{"id":281,"href":"https:\/\/f-schmitz.net\/benedikt\/wp-json\/wp\/v2\/pages\/67\/revisions\/281"}],"up":[{"embeddable":true,"href":"https:\/\/f-schmitz.net\/benedikt\/wp-json\/wp\/v2\/pages\/33"}],"wp:attachment":[{"href":"https:\/\/f-schmitz.net\/benedikt\/wp-json\/wp\/v2\/media?parent=67"}],"curies":[{"name":"wp","href":"https:\/\/api.w.org\/{rel}","templated":true}]}}