{"id":39,"date":"2023-04-17T13:00:44","date_gmt":"2023-04-17T13:00:44","guid":{"rendered":"https:\/\/f-schmitz.net\/benedikt\/?page_id=39"},"modified":"2023-04-20T11:41:16","modified_gmt":"2023-04-20T11:41:16","slug":"srf-magnetometry","status":"publish","type":"page","link":"https:\/\/f-schmitz.net\/benedikt\/projekte-projects\/srf-magnetometry\/","title":{"rendered":"SRF Magnetometry"},"content":{"rendered":"\t\t<div data-elementor-type=\"wp-page\" data-elementor-id=\"39\" class=\"elementor elementor-39\">\n\t\t\t\t\t\t<section class=\"elementor-section elementor-top-section elementor-element elementor-element-1859128 elementor-section-boxed elementor-section-height-default elementor-section-height-default\" data-id=\"1859128\" data-element_type=\"section\" data-e-type=\"section\">\n\t\t\t\t\t\t<div class=\"elementor-container elementor-column-gap-default\">\n\t\t\t\t\t<div class=\"elementor-column elementor-col-33 elementor-top-column elementor-element elementor-element-efbe007\" data-id=\"efbe007\" data-element_type=\"column\" data-e-type=\"column\">\n\t\t\t<div class=\"elementor-widget-wrap elementor-element-populated\">\n\t\t\t\t\t\t<div class=\"elementor-element elementor-element-8c1d01b elementor-widget elementor-widget-heading\" data-id=\"8c1d01b\" data-element_type=\"widget\" data-e-type=\"widget\" data-widget_type=\"heading.default\">\n\t\t\t\t<div class=\"elementor-widget-container\">\n\t\t\t\t\t<h5 class=\"elementor-heading-title elementor-size-default\">Eckdaten<\/h5>\t\t\t\t<\/div>\n\t\t\t\t<\/div>\n\t\t\t\t<div class=\"elementor-element elementor-element-160bf17 elementor-widget elementor-widget-text-editor\" data-id=\"160bf17\" data-element_type=\"widget\" data-e-type=\"widget\" data-widget_type=\"text-editor.default\">\n\t\t\t\t<div class=\"elementor-widget-container\">\n\t\t\t\t\t\t\t\t\t<ul><li>Zeit: 04\/2016 \u2013 06\/2018<\/li><li>Am <a href=\"https:\/\/helmholtz-berlin.de\/forschung\/oe\/be\/science-technology-accelerating-systems\/index_en.html\">Helmholtz-Zentrum Berlin (HZB) <\/a><a href=\"https:\/\/helmholtz-berlin.de\/forschung\/oe\/be\/science-technology-accelerating-systems\/index_en.html\">FG-ISRF, Prof. Jens Knobloch<\/a><\/li><li>Forschung u.a. zur Master Thesis<\/li><li>Fokus:<ul><li>Elektronik Design (mit <a href=\"https:\/\/www.kicad.org\/\">kiCAD)<\/a><\/li><li>Experimentkampagnen<\/li><li>Unterst\u00fctzende Simulationen (mit <a href=\"https:\/\/www.comsol.com\/comsol-multiphysics\">COMSOL<\/a>)<\/li><\/ul><\/li><\/ul>\t\t\t\t\t\t\t\t<\/div>\n\t\t\t\t<\/div>\n\t\t\t\t<div class=\"elementor-element elementor-element-1abfed8 elementor-widget-divider--view-line elementor-widget elementor-widget-divider\" data-id=\"1abfed8\" data-element_type=\"widget\" data-e-type=\"widget\" data-widget_type=\"divider.default\">\n\t\t\t\t<div class=\"elementor-widget-container\">\n\t\t\t\t\t\t\t<div class=\"elementor-divider\">\n\t\t\t<span class=\"elementor-divider-separator\">\n\t\t\t\t\t\t<\/span>\n\t\t<\/div>\n\t\t\t\t\t\t<\/div>\n\t\t\t\t<\/div>\n\t\t\t\t<div class=\"elementor-element elementor-element-05b7551 elementor-widget elementor-widget-heading\" data-id=\"05b7551\" data-element_type=\"widget\" data-e-type=\"widget\" data-widget_type=\"heading.default\">\n\t\t\t\t<div class=\"elementor-widget-container\">\n\t\t\t\t\t<h5 class=\"elementor-heading-title elementor-size-default\">Ergebnisse<\/h5>\t\t\t\t<\/div>\n\t\t\t\t<\/div>\n\t\t\t\t<div class=\"elementor-element elementor-element-5f6a776 elementor-widget elementor-widget-text-editor\" data-id=\"5f6a776\" data-element_type=\"widget\" data-e-type=\"widget\" data-widget_type=\"text-editor.default\">\n\t\t\t\t<div class=\"elementor-widget-container\">\n\t\t\t\t\t\t\t\t\t<p>Dieses Projekt resultierte in mehreren Publikationen:<\/p><ul><li>Voll implementiertes System am HZB<\/li><li>Ein peer-reviewed Artikel<\/li><li>Ein Patent<\/li><li>Mehrere Konferenzbeitr\u00e4ge<\/li><\/ul>\t\t\t\t\t\t\t\t<\/div>\n\t\t\t\t<\/div>\n\t\t\t\t\t<\/div>\n\t\t<\/div>\n\t\t\t\t<div class=\"elementor-column elementor-col-66 elementor-top-column elementor-element elementor-element-665afad\" data-id=\"665afad\" data-element_type=\"column\" data-e-type=\"column\">\n\t\t\t<div class=\"elementor-widget-wrap elementor-element-populated\">\n\t\t\t\t\t\t<div class=\"elementor-element elementor-element-9a8e0ef elementor-widget elementor-widget-heading\" data-id=\"9a8e0ef\" data-element_type=\"widget\" data-e-type=\"widget\" data-widget_type=\"heading.default\">\n\t\t\t\t<div class=\"elementor-widget-container\">\n\t\t\t\t\t<h5 class=\"elementor-heading-title elementor-size-default\">BESCHREIBUNG<\/h5>\t\t\t\t<\/div>\n\t\t\t\t<\/div>\n\t\t\t\t<div class=\"elementor-element elementor-element-3d71717 elementor-widget elementor-widget-text-editor\" data-id=\"3d71717\" data-element_type=\"widget\" data-e-type=\"widget\" data-widget_type=\"text-editor.default\">\n\t\t\t\t<div class=\"elementor-widget-container\">\n\t\t\t\t\t\t\t\t\t<p>Das Ziel des Projektes war die Entwicklung eines preiswerten Detektors, beziehungsweise eines Messsystems, welches im laufenden Beschleunigerbetrieb die Magnetfelder um einen supraleitenden Resonator bestimmen kann.<br \/>Dies hat das Ziel, das Verluste in der Resonatorg\u00fcte, welche durch von im Supraleiter gefangenem magnetischem Fluss verursachte werden, bestimmt und minimiert werden k\u00f6nnen.<br \/>Zus\u00e4tzlich ist es m\u00f6glich durch \u00c4nderungen im Magnetfeld Quenche zu detektieren und den Ort und Einfluss auf die G\u00fcte w\u00e4hrend der laufenden Messung zu bestimmen.<br \/>Ein Quench ist ein lokaler Verlust der Supraleitung, welcher die fast instantane Entladung der gesamten gespeicherten Energie verursacht.<\/p><p>Die Klasse an Detektoren die sich vielversprechend erwiesen hat sind die Detektoren der xMR Familie (AMR, GMR und TMR).<br \/>Sie sind in gro\u00dfen St\u00fcckzahlen vorhanden und werden auf Grund der weiten Verbreitung im Automotive Bereich zu g\u00fcnstigen St\u00fcckpreisen vertrieben.<br \/>Die f\u00fcr den Prototypen verwendeten AMR (anisotropisch magneto resistiv) Sensoren sind unter Beschleunigerbedingunen im fl\u00fcssigen Helium messbar effizienter und weniger wartungsintensiv als im Automotivebereich.<br \/>Es wurden jeweil drei Detektoren in einer Gruppe verwendet um alle Raumkomponenten abdecken zu k\u00f6nnen.<\/p><p>Der experimenteller Versuchsaufbau wurde f\u00fcr Resonatoren des TESLA Typs mit nur einer Zelle entwickelt, welches dann auch in mehreren Messkampagnen untersucht wurde.<br \/>Es konnte gezeigt werden, dass der Aufbau wie geplant funktioniert und die Detektoren sensitiver als vorhergesagt waren.<br \/>Magnetfelddynamiken konnten w\u00e4hrend der Auftau und Abk\u00fchl gemessen und durch Simulationen verifiziert werden.<br \/>Auch S\u00e4ttigungseffekte durch k\u00fcnstlich induzierte Quenche konnten gemessen werden.<br \/>Der Aufbau wurde mit anderen Diagnostiken kombiniert werden, sodass ein kombiniertes System f\u00fcr die Diagnostik verwendet werden kann.<br \/>Das finale System beinhaltet Temperaturmessger\u00e4te f\u00fcr die Oberfl\u00e4chentemperatur des Resonators, die Magnetfeld Detektoren und Second Sound Detektoren.<\/p><p>\u00a0<\/p>\t\t\t\t\t\t\t\t<\/div>\n\t\t\t\t<\/div>\n\t\t\t\t\t<\/div>\n\t\t<\/div>\n\t\t\t\t\t<\/div>\n\t\t<\/section>\n\t\t\t\t<section class=\"elementor-section elementor-top-section elementor-element elementor-element-b098366 elementor-section-boxed elementor-section-height-default elementor-section-height-default\" data-id=\"b098366\" data-element_type=\"section\" data-e-type=\"section\">\n\t\t\t\t\t\t<div class=\"elementor-container elementor-column-gap-default\">\n\t\t\t\t\t<div class=\"elementor-column elementor-col-33 elementor-top-column elementor-element elementor-element-d88e190\" data-id=\"d88e190\" data-element_type=\"column\" data-e-type=\"column\">\n\t\t\t<div class=\"elementor-widget-wrap elementor-element-populated\">\n\t\t\t\t\t\t<div class=\"elementor-element elementor-element-057edbc elementor-widget elementor-widget-heading\" data-id=\"057edbc\" data-element_type=\"widget\" data-e-type=\"widget\" data-widget_type=\"heading.default\">\n\t\t\t\t<div class=\"elementor-widget-container\">\n\t\t\t\t\t<h5 class=\"elementor-heading-title elementor-size-default\">META<\/h5>\t\t\t\t<\/div>\n\t\t\t\t<\/div>\n\t\t\t\t<div class=\"elementor-element elementor-element-a3f02c5 elementor-widget elementor-widget-text-editor\" data-id=\"a3f02c5\" data-element_type=\"widget\" data-e-type=\"widget\" data-widget_type=\"text-editor.default\">\n\t\t\t\t<div class=\"elementor-widget-container\">\n\t\t\t\t\t\t\t\t\t<ul><li>Time: 04\/2016 \u2013 06\/2018<\/li><li>At <a href=\"https:\/\/helmholtz-berlin.de\/forschung\/oe\/be\/science-technology-accelerating-systems\/index_en.html\">Helmholtz-Zentrum Berlin (HZB) <\/a><a href=\"https:\/\/helmholtz-berlin.de\/forschung\/oe\/be\/science-technology-accelerating-systems\/index_en.html\">FG-ISRF, Prof. Jens Knobloch<\/a><\/li><li>Master Thesis<\/li><li>Focus:<ul><li>Elektronicsdesign (using <a href=\"https:\/\/www.kicad.org\/\">kiCAD)<\/a><\/li><li>Experimental Campaigns<\/li><li>Supporting Simulations (using <a href=\"https:\/\/www.comsol.com\/comsol-multiphysics\">COMSOL<\/a>)<\/li><\/ul><\/li><\/ul>\t\t\t\t\t\t\t\t<\/div>\n\t\t\t\t<\/div>\n\t\t\t\t<div class=\"elementor-element elementor-element-77bbf2b elementor-widget-divider--view-line elementor-widget elementor-widget-divider\" data-id=\"77bbf2b\" data-element_type=\"widget\" data-e-type=\"widget\" data-widget_type=\"divider.default\">\n\t\t\t\t<div class=\"elementor-widget-container\">\n\t\t\t\t\t\t\t<div class=\"elementor-divider\">\n\t\t\t<span class=\"elementor-divider-separator\">\n\t\t\t\t\t\t<\/span>\n\t\t<\/div>\n\t\t\t\t\t\t<\/div>\n\t\t\t\t<\/div>\n\t\t\t\t<div class=\"elementor-element elementor-element-bb52aa2 elementor-widget elementor-widget-heading\" data-id=\"bb52aa2\" data-element_type=\"widget\" data-e-type=\"widget\" data-widget_type=\"heading.default\">\n\t\t\t\t<div class=\"elementor-widget-container\">\n\t\t\t\t\t<h5 class=\"elementor-heading-title elementor-size-default\">DEliverables<\/h5>\t\t\t\t<\/div>\n\t\t\t\t<\/div>\n\t\t\t\t<div class=\"elementor-element elementor-element-e44c3ec elementor-widget elementor-widget-text-editor\" data-id=\"e44c3ec\" data-element_type=\"widget\" data-e-type=\"widget\" data-widget_type=\"text-editor.default\">\n\t\t\t\t<div class=\"elementor-widget-container\">\n\t\t\t\t\t\t\t\t\t<p>The project resultet in several deliverables:<\/p><ul><li>Fully implemented and usable measurement system at HZB<\/li><li>One peer-reviewed article<\/li><li>One patent<\/li><li>Several conference contributions<\/li><\/ul>\t\t\t\t\t\t\t\t<\/div>\n\t\t\t\t<\/div>\n\t\t\t\t\t<\/div>\n\t\t<\/div>\n\t\t\t\t<div class=\"elementor-column elementor-col-66 elementor-top-column elementor-element elementor-element-3a9c61f\" data-id=\"3a9c61f\" data-element_type=\"column\" data-e-type=\"column\">\n\t\t\t<div class=\"elementor-widget-wrap elementor-element-populated\">\n\t\t\t\t\t\t<div class=\"elementor-element elementor-element-ed4df18 elementor-widget elementor-widget-heading\" data-id=\"ed4df18\" data-element_type=\"widget\" data-e-type=\"widget\" data-widget_type=\"heading.default\">\n\t\t\t\t<div class=\"elementor-widget-container\">\n\t\t\t\t\t<h5 class=\"elementor-heading-title elementor-size-default\">Description<\/h5>\t\t\t\t<\/div>\n\t\t\t\t<\/div>\n\t\t\t\t<div class=\"elementor-element elementor-element-b82d22b elementor-widget elementor-widget-text-editor\" data-id=\"b82d22b\" data-element_type=\"widget\" data-e-type=\"widget\" data-widget_type=\"text-editor.default\">\n\t\t\t\t<div class=\"elementor-widget-container\">\n\t\t\t\t\t\t\t\t\t<p>The project aimed to develop a low-cost detector, a measurement system that can determine the magnetic fields around a superconducting resonator during accelerator operation.<br \/>The aim is to determine and minimize losses in the resonator quality caused by magnetic flux trapped in the superconductor.<br \/>In addition, it is possible to detect quenches caused by magnetic field changes and determine their location and influence on the Q-factor during the ongoing measurement.<br \/>A quench is a local loss of superconductivity that causes the almost instantaneous discharge of all stored energy.<\/p><p>The class of detectors that have shown promise are the xMR family detectors (AMR, GMR, and TMR).<br \/>They are available in large quantities and are sold at low unit prices due to their widespread use in automotive applications.<br \/>The AMR (anisotropic magneto-resistive) sensors used for the prototype are measurably more efficient under accelerator conditions in liquid helium and require less maintenance than in the automotive sector.<br \/>Three detectors were used in each group to cover all space components.<\/p><p>The experimental setup was developed for TESLA-type resonators with only one cell, which was then investigated in several measurement campaigns.<br \/>It could be shown that the setup worked as planned, and the detectors were more sensitive than predicted.<br \/>Magnetic field dynamics could be measured during thawing and cooling and verified by simulations.<br \/>Saturation effects due to artificially induced quenching could also be measured.<br \/>The setup was combined with other diagnostics so that an integrated system could be used for diagnostics.<br \/>The final system includes temperature measurement devices for the surface temperature of the resonator, magnetic field detectors, and second sound detectors.<\/p>\t\t\t\t\t\t\t\t<\/div>\n\t\t\t\t<\/div>\n\t\t\t\t\t<\/div>\n\t\t<\/div>\n\t\t\t\t\t<\/div>\n\t\t<\/section>\n\t\t\t\t<section class=\"elementor-section elementor-top-section elementor-element elementor-element-6eecb97 elementor-section-boxed elementor-section-height-default elementor-section-height-default\" data-id=\"6eecb97\" data-element_type=\"section\" data-e-type=\"section\">\n\t\t\t\t\t\t<div class=\"elementor-container elementor-column-gap-default\">\n\t\t\t\t\t<div class=\"elementor-column elementor-col-100 elementor-top-column elementor-element elementor-element-54c01ce\" data-id=\"54c01ce\" data-element_type=\"column\" data-e-type=\"column\">\n\t\t\t<div class=\"elementor-widget-wrap elementor-element-populated\">\n\t\t\t\t\t\t<div class=\"elementor-element elementor-element-973c7d5 elementor-widget-divider--view-line elementor-widget elementor-widget-divider\" data-id=\"973c7d5\" data-element_type=\"widget\" data-e-type=\"widget\" data-widget_type=\"divider.default\">\n\t\t\t\t<div class=\"elementor-widget-container\">\n\t\t\t\t\t\t\t<div class=\"elementor-divider\">\n\t\t\t<span class=\"elementor-divider-separator\">\n\t\t\t\t\t\t<\/span>\n\t\t<\/div>\n\t\t\t\t\t\t<\/div>\n\t\t\t\t<\/div>\n\t\t\t\t<div class=\"elementor-element elementor-element-e994a06 elementor-widget elementor-widget-image-gallery\" data-id=\"e994a06\" data-element_type=\"widget\" data-e-type=\"widget\" data-widget_type=\"image-gallery.default\">\n\t\t\t\t<div class=\"elementor-widget-container\">\n\t\t\t\t\t\t\t<div class=\"elementor-image-gallery\">\n\t\t\t<div id='gallery-1' class='gallery galleryid-39 gallery-columns-4 gallery-size-thumbnail'><figure class='gallery-item'>\n\t\t\t<div class='gallery-icon portrait'>\n\t\t\t\t<a data-elementor-open-lightbox=\"yes\" data-elementor-lightbox-slideshow=\"e994a06\" data-elementor-lightbox-title=\"Single cell TESLA cavity CAD\" data-elementor-lightbox-description=\"CAD drawing of a TESLA single cell cavity. \" data-e-action-hash=\"#elementor-action%3Aaction%3Dlightbox%26settings%3DeyJpZCI6MTU5LCJ1cmwiOiJodHRwczpcL1wvZi1zY2htaXR6Lm5ldFwvYmVuZWRpa3RcL3dwLWNvbnRlbnRcL3VwbG9hZHNcLzIwMjNcLzA0XC9TaW5nbGVfQ2F2XzJfZWRpdC5wbmciLCJzbGlkZXNob3ciOiJlOTk0YTA2In0%3D\" href='https:\/\/f-schmitz.net\/benedikt\/wp-content\/uploads\/2023\/04\/Single_Cav_2_edit.png'><img decoding=\"async\" width=\"150\" height=\"150\" src=\"https:\/\/f-schmitz.net\/benedikt\/wp-content\/uploads\/2023\/04\/Single_Cav_2_edit-150x150.png\" class=\"attachment-thumbnail size-thumbnail\" alt=\"\" aria-describedby=\"gallery-1-159\" \/><\/a>\n\t\t\t<\/div>\n\t\t\t\t<figcaption class='wp-caption-text gallery-caption' id='gallery-1-159'>\n\t\t\t\tSingle cell TESLA cavity CAD\n\t\t\t\t<\/figcaption><\/figure><figure class='gallery-item'>\n\t\t\t<div class='gallery-icon portrait'>\n\t\t\t\t<a data-elementor-open-lightbox=\"yes\" data-elementor-lightbox-slideshow=\"e994a06\" data-elementor-lightbox-title=\"Full Cavity Setup\" data-elementor-lightbox-description=\"Full set up of the SRF cavity measurement system. \nFully assembled, with magnetic field Boards, Temperature Boards and a 3D Helmholtz coil setup.\" data-e-action-hash=\"#elementor-action%3Aaction%3Dlightbox%26settings%3DeyJpZCI6MTU1LCJ1cmwiOiJodHRwczpcL1wvZi1zY2htaXR6Lm5ldFwvYmVuZWRpa3RcL3dwLWNvbnRlbnRcL3VwbG9hZHNcLzIwMjNcLzA0XC9Bc3NlbWJsZWRTZXR1cC5qcGciLCJzbGlkZXNob3ciOiJlOTk0YTA2In0%3D\" href='https:\/\/f-schmitz.net\/benedikt\/wp-content\/uploads\/2023\/04\/AssembledSetup.jpg'><img decoding=\"async\" width=\"150\" height=\"150\" src=\"https:\/\/f-schmitz.net\/benedikt\/wp-content\/uploads\/2023\/04\/AssembledSetup-150x150.jpg\" class=\"attachment-thumbnail size-thumbnail\" alt=\"\" aria-describedby=\"gallery-1-155\" \/><\/a>\n\t\t\t<\/div>\n\t\t\t\t<figcaption class='wp-caption-text gallery-caption' id='gallery-1-155'>\n\t\t\t\tFull Cavity Setup\n\t\t\t\t<\/figcaption><\/figure><figure class='gallery-item'>\n\t\t\t<div class='gallery-icon portrait'>\n\t\t\t\t<a data-elementor-open-lightbox=\"yes\" data-elementor-lightbox-slideshow=\"e994a06\" data-elementor-lightbox-title=\"Temperature Board\" data-elementor-lightbox-description=\"Complementing temperature board mounted on the cavity. \" data-e-action-hash=\"#elementor-action%3Aaction%3Dlightbox%26settings%3DeyJpZCI6MTYwLCJ1cmwiOiJodHRwczpcL1wvZi1zY2htaXR6Lm5ldFwvYmVuZWRpa3RcL3dwLWNvbnRlbnRcL3VwbG9hZHNcLzIwMjNcLzA0XC9UQm9hcmRGaXhlZC5qcGciLCJzbGlkZXNob3ciOiJlOTk0YTA2In0%3D\" href='https:\/\/f-schmitz.net\/benedikt\/wp-content\/uploads\/2023\/04\/TBoardFixed.jpg'><img decoding=\"async\" width=\"150\" height=\"150\" src=\"https:\/\/f-schmitz.net\/benedikt\/wp-content\/uploads\/2023\/04\/TBoardFixed-150x150.jpg\" class=\"attachment-thumbnail size-thumbnail\" alt=\"\" aria-describedby=\"gallery-1-160\" \/><\/a>\n\t\t\t<\/div>\n\t\t\t\t<figcaption class='wp-caption-text gallery-caption' id='gallery-1-160'>\n\t\t\t\tTemperature Board\n\t\t\t\t<\/figcaption><\/figure><figure class='gallery-item'>\n\t\t\t<div class='gallery-icon portrait'>\n\t\t\t\t<a data-elementor-open-lightbox=\"yes\" data-elementor-lightbox-slideshow=\"e994a06\" data-elementor-lightbox-title=\"Mounted Magnetic Measurement Board\" data-elementor-lightbox-description=\"Magnetic measurement board, fully mounted on a single cell cavity.\" data-e-action-hash=\"#elementor-action%3Aaction%3Dlightbox%26settings%3DeyJpZCI6MTU3LCJ1cmwiOiJodHRwczpcL1wvZi1zY2htaXR6Lm5ldFwvYmVuZWRpa3RcL3dwLWNvbnRlbnRcL3VwbG9hZHNcLzIwMjNcLzA0XC9NYWduZXRpY0JvYXJkLnBuZyIsInNsaWRlc2hvdyI6ImU5OTRhMDYifQ%3D%3D\" href='https:\/\/f-schmitz.net\/benedikt\/wp-content\/uploads\/2023\/04\/MagneticBoard.png'><img loading=\"lazy\" decoding=\"async\" width=\"150\" height=\"150\" src=\"https:\/\/f-schmitz.net\/benedikt\/wp-content\/uploads\/2023\/04\/MagneticBoard-150x150.png\" class=\"attachment-thumbnail size-thumbnail\" alt=\"\" aria-describedby=\"gallery-1-157\" \/><\/a>\n\t\t\t<\/div>\n\t\t\t\t<figcaption class='wp-caption-text gallery-caption' id='gallery-1-157'>\n\t\t\t\tMounted Magnetic Measurement Board\n\t\t\t\t<\/figcaption><\/figure><figure class='gallery-item'>\n\t\t\t<div class='gallery-icon landscape'>\n\t\t\t\t<a data-elementor-open-lightbox=\"yes\" data-elementor-lightbox-slideshow=\"e994a06\" data-elementor-lightbox-title=\"Magnetic Boards CAD drawing\" data-elementor-lightbox-description=\"CAD drawing of the magnetic board with the indicated detector triplet positions and an indicator of the measurement direction of the triplet.\" data-e-action-hash=\"#elementor-action%3Aaction%3Dlightbox%26settings%3DeyJpZCI6MTU4LCJ1cmwiOiJodHRwczpcL1wvZi1zY2htaXR6Lm5ldFwvYmVuZWRpa3RcL3dwLWNvbnRlbnRcL3VwbG9hZHNcLzIwMjNcLzA0XC9TZW5zb3JzT25Cb2FyZC5wbmciLCJzbGlkZXNob3ciOiJlOTk0YTA2In0%3D\" href='https:\/\/f-schmitz.net\/benedikt\/wp-content\/uploads\/2023\/04\/SensorsOnBoard.png'><img loading=\"lazy\" decoding=\"async\" width=\"150\" height=\"150\" src=\"https:\/\/f-schmitz.net\/benedikt\/wp-content\/uploads\/2023\/04\/SensorsOnBoard-150x150.png\" class=\"attachment-thumbnail size-thumbnail\" alt=\"\" aria-describedby=\"gallery-1-158\" \/><\/a>\n\t\t\t<\/div>\n\t\t\t\t<figcaption class='wp-caption-text gallery-caption' id='gallery-1-158'>\n\t\t\t\tMagnetic Boards CAD drawing\n\t\t\t\t<\/figcaption><\/figure><figure class='gallery-item'>\n\t\t\t<div class='gallery-icon landscape'>\n\t\t\t\t<a data-elementor-open-lightbox=\"yes\" data-elementor-lightbox-slideshow=\"e994a06\" data-elementor-lightbox-title=\"Magentic Field Sensor Triplett\" data-elementor-lightbox-description=\"Example Picture of a full magnetic field measurement, covering all 3 Dimensions. \nThe sensor are AMR based sensors from sensitec.\" data-e-action-hash=\"#elementor-action%3Aaction%3Dlightbox%26settings%3DeyJpZCI6MTU2LCJ1cmwiOiJodHRwczpcL1wvZi1zY2htaXR6Lm5ldFwvYmVuZWRpa3RcL3dwLWNvbnRlbnRcL3VwbG9hZHNcLzIwMjNcLzA0XC9kcmVpYmVpbi5wbmciLCJzbGlkZXNob3ciOiJlOTk0YTA2In0%3D\" href='https:\/\/f-schmitz.net\/benedikt\/wp-content\/uploads\/2023\/04\/dreibein.png'><img loading=\"lazy\" decoding=\"async\" width=\"150\" height=\"150\" src=\"https:\/\/f-schmitz.net\/benedikt\/wp-content\/uploads\/2023\/04\/dreibein-150x150.png\" class=\"attachment-thumbnail size-thumbnail\" alt=\"\" aria-describedby=\"gallery-1-156\" \/><\/a>\n\t\t\t<\/div>\n\t\t\t\t<figcaption class='wp-caption-text gallery-caption' id='gallery-1-156'>\n\t\t\t\tMagentic Field Sensor Triplett\n\t\t\t\t<\/figcaption><\/figure><figure class='gallery-item'>\n\t\t\t<div class='gallery-icon portrait'>\n\t\t\t\t<a data-elementor-open-lightbox=\"yes\" data-elementor-lightbox-slideshow=\"e994a06\" data-elementor-lightbox-title=\"Magnetic Example Measurements\" data-elementor-lightbox-description=\"Measurement result for a superconducting to normalconducting phase transition. \nAll groups are on the same board.\" data-e-action-hash=\"#elementor-action%3Aaction%3Dlightbox%26settings%3DeyJpZCI6MTY0LCJ1cmwiOiJodHRwczpcL1wvZi1zY2htaXR6Lm5ldFwvYmVuZWRpa3RcL3dwLWNvbnRlbnRcL3VwbG9hZHNcLzIwMjNcLzA0XC9tYWduZXRpY2ZpZWxkbWVhc3VyZW1lbnQucG5nIiwic2xpZGVzaG93IjoiZTk5NGEwNiJ9\" href='https:\/\/f-schmitz.net\/benedikt\/wp-content\/uploads\/2023\/04\/magneticfieldmeasurement.png'><img loading=\"lazy\" decoding=\"async\" width=\"150\" height=\"150\" src=\"https:\/\/f-schmitz.net\/benedikt\/wp-content\/uploads\/2023\/04\/magneticfieldmeasurement-150x150.png\" class=\"attachment-thumbnail size-thumbnail\" alt=\"\" aria-describedby=\"gallery-1-164\" \/><\/a>\n\t\t\t<\/div>\n\t\t\t\t<figcaption class='wp-caption-text gallery-caption' id='gallery-1-164'>\n\t\t\t\tMagnetic Example Measurements\n\t\t\t\t<\/figcaption><\/figure>\n\t\t<\/div>\n\t\t<\/div>\n\t\t\t\t\t\t<\/div>\n\t\t\t\t<\/div>\n\t\t\t\t<div class=\"elementor-element elementor-element-48e5a29 elementor-widget-divider--view-line elementor-widget elementor-widget-divider\" data-id=\"48e5a29\" data-element_type=\"widget\" data-e-type=\"widget\" data-widget_type=\"divider.default\">\n\t\t\t\t<div class=\"elementor-widget-container\">\n\t\t\t\t\t\t\t<div class=\"elementor-divider\">\n\t\t\t<span class=\"elementor-divider-separator\">\n\t\t\t\t\t\t<\/span>\n\t\t<\/div>\n\t\t\t\t\t\t<\/div>\n\t\t\t\t<\/div>\n\t\t\t\t<div class=\"elementor-element elementor-element-650df8c elementor-widget elementor-widget-heading\" data-id=\"650df8c\" data-element_type=\"widget\" data-e-type=\"widget\" data-widget_type=\"heading.default\">\n\t\t\t\t<div class=\"elementor-widget-container\">\n\t\t\t\t\t<h5 class=\"elementor-heading-title elementor-size-default\">Links und Referenzen \/ Links and References<\/h5>\t\t\t\t<\/div>\n\t\t\t\t<\/div>\n\t\t\t\t<div class=\"elementor-element elementor-element-8f0dab5 elementor-widget elementor-widget-text-editor\" data-id=\"8f0dab5\" data-element_type=\"widget\" data-e-type=\"widget\" data-widget_type=\"text-editor.default\">\n\t\t\t\t<div class=\"elementor-widget-container\">\n\t\t\t\t\t\t\t\t\t<ol><li><span dir=\"ltr\" role=\"presentation\">B. Aune et al.<br \/><\/span><a href=\"https:\/\/doi.org\/10.1103\/PhysRevSTAB.3.092001\">Superconducting TESLA cavities<\/a><br \/><span dir=\"ltr\" role=\"presentation\">Phys. Rev. ST Accel. Beams 3, 092001 (2000)<\/span><\/li><li><span class=\"ip_button__text\">H. Padamsee, <\/span><span class=\"ip_button__text\">J. Knobloch, <\/span><span class=\"ip_button__text\"><span class=\"ip_button__text\">T. Hays<br \/><\/span><\/span>RF Superconductivity for Accelerators<br \/>Wiley, 978-3-527-40842-9 (ISBN)<\/li><li><span dir=\"ltr\" role=\"presentation\">B. Schmitz, J. K\u00f6szegi, K. Alomari, O. Kugeler, and J. Knobloch<br \/><a href=\"http:\/\/doi.org\/10.1063\/1.5030509\">Magnetometric mapping of <\/a><\/span><a href=\"http:\/\/doi.org\/10.1063\/1.5030509\"><span dir=\"ltr\" role=\"presentation\">superconducting RF cavities<\/span><\/a><br \/>Rev. Sci. Inst. <span dir=\"ltr\" role=\"presentation\">89.5, 054706 (2018)<\/span><\/li><li><span dir=\"ltr\" role=\"presentation\">B. Schmitz, K. Alomari, O. Kugeler, and J. K\u00f6szegi<br \/>Vorrichtung und Verfahren zur Nutzung <\/span><span dir=\"ltr\" role=\"presentation\">eines anisotrop magnetoresistiven Sensors zur Bestimmung von Magnetfeldern und Temperaturen<br \/>German. <\/span><span dir=\"ltr\" role=\"presentation\">Patent DE 10 2017 127 578.4. (2017)<\/span><\/li><li>\u00a0B. Schmitz, K. Alomari<br \/><a href=\"https:\/\/github.com\/BenK3nobi\/Bmaps\">Github Repository of CAD designs<\/a><\/li><\/ol>\t\t\t\t\t\t\t\t<\/div>\n\t\t\t\t<\/div>\n\t\t\t\t\t<\/div>\n\t\t<\/div>\n\t\t\t\t\t<\/div>\n\t\t<\/section>\n\t\t\t\t<\/div>\n\t\t","protected":false},"excerpt":{"rendered":"<p>Eckdaten Zeit: 04\/2016 \u2013 06\/2018 Am Helmholtz-Zentrum Berlin (HZB) FG-ISRF, Prof. Jens Knobloch Forschung u.a. zur Master Thesis Fokus: Elektronik Design (mit kiCAD) Experimentkampagnen Unterst\u00fctzende Simulationen (mit COMSOL) Ergebnisse Dieses Projekt resultierte in mehreren Publikationen: Voll implementiertes System am HZB Ein peer-reviewed Artikel Ein Patent Mehrere Konferenzbeitr\u00e4ge BESCHREIBUNG Das Ziel des Projektes war die Entwicklung [&hellip;]<\/p>\n","protected":false},"author":1,"featured_media":0,"parent":33,"menu_order":99,"comment_status":"closed","ping_status":"closed","template":"","meta":{"footnotes":""},"class_list":["post-39","page","type-page","status-publish","hentry"],"_links":{"self":[{"href":"https:\/\/f-schmitz.net\/benedikt\/wp-json\/wp\/v2\/pages\/39","targetHints":{"allow":["GET"]}}],"collection":[{"href":"https:\/\/f-schmitz.net\/benedikt\/wp-json\/wp\/v2\/pages"}],"about":[{"href":"https:\/\/f-schmitz.net\/benedikt\/wp-json\/wp\/v2\/types\/page"}],"author":[{"embeddable":true,"href":"https:\/\/f-schmitz.net\/benedikt\/wp-json\/wp\/v2\/users\/1"}],"replies":[{"embeddable":true,"href":"https:\/\/f-schmitz.net\/benedikt\/wp-json\/wp\/v2\/comments?post=39"}],"version-history":[{"count":44,"href":"https:\/\/f-schmitz.net\/benedikt\/wp-json\/wp\/v2\/pages\/39\/revisions"}],"predecessor-version":[{"id":274,"href":"https:\/\/f-schmitz.net\/benedikt\/wp-json\/wp\/v2\/pages\/39\/revisions\/274"}],"up":[{"embeddable":true,"href":"https:\/\/f-schmitz.net\/benedikt\/wp-json\/wp\/v2\/pages\/33"}],"wp:attachment":[{"href":"https:\/\/f-schmitz.net\/benedikt\/wp-json\/wp\/v2\/media?parent=39"}],"curies":[{"name":"wp","href":"https:\/\/api.w.org\/{rel}","templated":true}]}}