{"id":233,"date":"2023-04-20T06:44:42","date_gmt":"2023-04-20T06:44:42","guid":{"rendered":"https:\/\/f-schmitz.net\/benedikt\/?page_id=233"},"modified":"2023-04-20T11:40:33","modified_gmt":"2023-04-20T11:40:33","slug":"labtab","status":"publish","type":"page","link":"https:\/\/f-schmitz.net\/benedikt\/projekte-projects\/labtab\/","title":{"rendered":"LabTab"},"content":{"rendered":"\t\t<div data-elementor-type=\"wp-page\" data-elementor-id=\"233\" class=\"elementor elementor-233\">\n\t\t\t\t\t\t<section class=\"elementor-section elementor-top-section elementor-element elementor-element-14290ddd elementor-section-boxed elementor-section-height-default elementor-section-height-default\" data-id=\"14290ddd\" data-element_type=\"section\" data-e-type=\"section\">\n\t\t\t\t\t\t<div class=\"elementor-container elementor-column-gap-default\">\n\t\t\t\t\t<div class=\"elementor-column elementor-col-33 elementor-top-column elementor-element elementor-element-45c4928\" data-id=\"45c4928\" data-element_type=\"column\" data-e-type=\"column\">\n\t\t\t<div class=\"elementor-widget-wrap elementor-element-populated\">\n\t\t\t\t\t\t<div class=\"elementor-element elementor-element-2416d715 elementor-widget elementor-widget-heading\" data-id=\"2416d715\" data-element_type=\"widget\" data-e-type=\"widget\" data-widget_type=\"heading.default\">\n\t\t\t\t<div class=\"elementor-widget-container\">\n\t\t\t\t\t<h5 class=\"elementor-heading-title elementor-size-default\">Eckdaten<\/h5>\t\t\t\t<\/div>\n\t\t\t\t<\/div>\n\t\t\t\t<div class=\"elementor-element elementor-element-60d1a80a elementor-widget elementor-widget-text-editor\" data-id=\"60d1a80a\" data-element_type=\"widget\" data-e-type=\"widget\" data-widget_type=\"text-editor.default\">\n\t\t\t\t<div class=\"elementor-widget-container\">\n\t\t\t\t\t\t\t\t\t<ul><li>Zeit: 06\/2014 \u2013 12\/2015<\/li><li>An der Universit\u00e4t Siegen<\/li><li>Im Rahmen der studentischen Projekte<\/li><li>Fokus:<ul><li>Software Enwicklung:<ul><li>App<\/li><li>Datenbank<\/li><li>Server<\/li><\/ul><\/li><\/ul><\/li><\/ul>\t\t\t\t\t\t\t\t<\/div>\n\t\t\t\t<\/div>\n\t\t\t\t<div class=\"elementor-element elementor-element-3f9ecae3 elementor-widget-divider--view-line elementor-widget elementor-widget-divider\" data-id=\"3f9ecae3\" data-element_type=\"widget\" data-e-type=\"widget\" data-widget_type=\"divider.default\">\n\t\t\t\t<div class=\"elementor-widget-container\">\n\t\t\t\t\t\t\t<div class=\"elementor-divider\">\n\t\t\t<span class=\"elementor-divider-separator\">\n\t\t\t\t\t\t<\/span>\n\t\t<\/div>\n\t\t\t\t\t\t<\/div>\n\t\t\t\t<\/div>\n\t\t\t\t<div class=\"elementor-element elementor-element-cb52ba9 elementor-widget elementor-widget-heading\" data-id=\"cb52ba9\" data-element_type=\"widget\" data-e-type=\"widget\" data-widget_type=\"heading.default\">\n\t\t\t\t<div class=\"elementor-widget-container\">\n\t\t\t\t\t<h5 class=\"elementor-heading-title elementor-size-default\">Ergebnisse<\/h5>\t\t\t\t<\/div>\n\t\t\t\t<\/div>\n\t\t\t\t<div class=\"elementor-element elementor-element-187e8ca2 elementor-widget elementor-widget-text-editor\" data-id=\"187e8ca2\" data-element_type=\"widget\" data-e-type=\"widget\" data-widget_type=\"text-editor.default\">\n\t\t\t\t<div class=\"elementor-widget-container\">\n\t\t\t\t\t\t\t\t\t<p>Dieses Projekt resultierte in einem nutzbaren Zwischenstatus:<\/p><ul><li>Einige github repositories mit dem entwickelten Code.<\/li><\/ul>\t\t\t\t\t\t\t\t<\/div>\n\t\t\t\t<\/div>\n\t\t\t\t\t<\/div>\n\t\t<\/div>\n\t\t\t\t<div class=\"elementor-column elementor-col-66 elementor-top-column elementor-element elementor-element-6fcfef9\" data-id=\"6fcfef9\" data-element_type=\"column\" data-e-type=\"column\">\n\t\t\t<div class=\"elementor-widget-wrap elementor-element-populated\">\n\t\t\t\t\t\t<div class=\"elementor-element elementor-element-1f6f3927 elementor-widget elementor-widget-heading\" data-id=\"1f6f3927\" data-element_type=\"widget\" data-e-type=\"widget\" data-widget_type=\"heading.default\">\n\t\t\t\t<div class=\"elementor-widget-container\">\n\t\t\t\t\t<h5 class=\"elementor-heading-title elementor-size-default\">BESCHREIBUNG<\/h5>\t\t\t\t<\/div>\n\t\t\t\t<\/div>\n\t\t\t\t<div class=\"elementor-element elementor-element-66f421d6 elementor-widget elementor-widget-text-editor\" data-id=\"66f421d6\" data-element_type=\"widget\" data-e-type=\"widget\" data-widget_type=\"text-editor.default\">\n\t\t\t\t<div class=\"elementor-widget-container\">\n\t\t\t\t\t\t\t\t\t<p>Das Ziel dieses Projektes war die Enwicklung einer Online Laborbuchl\u00f6sung, die die Vorteile von smarten Endger\u00e4ten nutzt. <br \/>W\u00e4hrend Laborarbeiten kommt die Dokumentation was exakt an Maschinen ge\u00e4ndert wurde entweder zu kurz oder viel Zeit und Aufwand muss aufgewendete werden um die Dokumentation ordentlich zu machen. <br \/>Um diese H\u00fcrden zu reduzieren und die Ergebnisse nachvollziehbarer und transparenter zu dokumentieren sollen Smartphones und Tablets verwendet werden, welche direkt gemacht Bilder und Kommentare unkompliziert in das Laborbuch einpflegen k\u00f6nnen.<\/p><p>Dies war als relativ generische Erg\u00e4nzung f\u00fcr g\u00e4ngige Systeme (z.B. f\u00fcr eLog) gedacht.<br \/>Da die betrachteten Systeme aber eine nachtr\u00e4gliche Bearbeitung der Laborb\u00fccher erm\u00f6glichen und damit gute wissenschaftliche Praxis nicht einhalten, wurde ein eigener Server mit unver\u00e4nderlichen Eintr\u00e4gen hinzu entwickelt. <br \/>Damit ist der erste Schritt f\u00fcr rechtliche Verwertbarkeit der Eintr\u00e4ge gew\u00e4hrleistet.<\/p><p>Das Projekt lief mit ehrenamtlichen und studentischen Mitarbeitern f\u00fcr nur etwa 1.5 Jarhe und die Entwicklung ist nicht abgeschlossen gewesen. <br \/>Da das Team sich aufgel\u00f6st hat und anderweitig arbeitet, steht der Code f\u00fcr den geneigten Anweder zur Verf\u00fcgung. <br \/>Bei ausreichend Interesse m\u00f6chte ich das Projekt aber wieder aufleben lassen.<\/p>\t\t\t\t\t\t\t\t<\/div>\n\t\t\t\t<\/div>\n\t\t\t\t\t<\/div>\n\t\t<\/div>\n\t\t\t\t\t<\/div>\n\t\t<\/section>\n\t\t\t\t<section class=\"elementor-section elementor-top-section elementor-element elementor-element-132e6ff elementor-section-boxed elementor-section-height-default elementor-section-height-default\" data-id=\"132e6ff\" data-element_type=\"section\" data-e-type=\"section\">\n\t\t\t\t\t\t<div class=\"elementor-container elementor-column-gap-default\">\n\t\t\t\t\t<div class=\"elementor-column elementor-col-33 elementor-top-column elementor-element elementor-element-4d268ed2\" data-id=\"4d268ed2\" data-element_type=\"column\" data-e-type=\"column\">\n\t\t\t<div class=\"elementor-widget-wrap elementor-element-populated\">\n\t\t\t\t\t\t<div class=\"elementor-element elementor-element-11426f1 elementor-widget elementor-widget-heading\" data-id=\"11426f1\" data-element_type=\"widget\" data-e-type=\"widget\" data-widget_type=\"heading.default\">\n\t\t\t\t<div class=\"elementor-widget-container\">\n\t\t\t\t\t<h5 class=\"elementor-heading-title elementor-size-default\">META<\/h5>\t\t\t\t<\/div>\n\t\t\t\t<\/div>\n\t\t\t\t<div class=\"elementor-element elementor-element-1890e0d1 elementor-widget elementor-widget-text-editor\" data-id=\"1890e0d1\" data-element_type=\"widget\" data-e-type=\"widget\" data-widget_type=\"text-editor.default\">\n\t\t\t\t<div class=\"elementor-widget-container\">\n\t\t\t\t\t\t\t\t\t<ul><li>Zeit: 06\/2014 \u2013 12\/2015<\/li><li>At the University of Siegen<\/li><li>Part of the so called &#8222;Studentische Projekte&#8220;<\/li><li>Focus:<ul><li>Software Development:<ul><li>Smartphone app<\/li><li>Databases<\/li><li>Servers<\/li><\/ul><\/li><\/ul><\/li><\/ul>\t\t\t\t\t\t\t\t<\/div>\n\t\t\t\t<\/div>\n\t\t\t\t<div class=\"elementor-element elementor-element-7f72380a elementor-widget-divider--view-line elementor-widget elementor-widget-divider\" data-id=\"7f72380a\" data-element_type=\"widget\" data-e-type=\"widget\" data-widget_type=\"divider.default\">\n\t\t\t\t<div class=\"elementor-widget-container\">\n\t\t\t\t\t\t\t<div class=\"elementor-divider\">\n\t\t\t<span class=\"elementor-divider-separator\">\n\t\t\t\t\t\t<\/span>\n\t\t<\/div>\n\t\t\t\t\t\t<\/div>\n\t\t\t\t<\/div>\n\t\t\t\t<div class=\"elementor-element elementor-element-2de22c22 elementor-widget elementor-widget-heading\" data-id=\"2de22c22\" data-element_type=\"widget\" data-e-type=\"widget\" data-widget_type=\"heading.default\">\n\t\t\t\t<div class=\"elementor-widget-container\">\n\t\t\t\t\t<h5 class=\"elementor-heading-title elementor-size-default\">Diliverables<\/h5>\t\t\t\t<\/div>\n\t\t\t\t<\/div>\n\t\t\t\t<div class=\"elementor-element elementor-element-73e177db elementor-widget elementor-widget-text-editor\" data-id=\"73e177db\" data-element_type=\"widget\" data-e-type=\"widget\" data-widget_type=\"text-editor.default\">\n\t\t\t\t<div class=\"elementor-widget-container\">\n\t\t\t\t\t\t\t\t\t<p>The project resulted in a usable code:<\/p><ul><li>The code is given in github repositories. <\/li><\/ul>\t\t\t\t\t\t\t\t<\/div>\n\t\t\t\t<\/div>\n\t\t\t\t\t<\/div>\n\t\t<\/div>\n\t\t\t\t<div class=\"elementor-column elementor-col-66 elementor-top-column elementor-element elementor-element-73b97639\" data-id=\"73b97639\" data-element_type=\"column\" data-e-type=\"column\">\n\t\t\t<div class=\"elementor-widget-wrap elementor-element-populated\">\n\t\t\t\t\t\t<div class=\"elementor-element elementor-element-20c27c43 elementor-widget elementor-widget-heading\" data-id=\"20c27c43\" data-element_type=\"widget\" data-e-type=\"widget\" data-widget_type=\"heading.default\">\n\t\t\t\t<div class=\"elementor-widget-container\">\n\t\t\t\t\t<h5 class=\"elementor-heading-title elementor-size-default\">Description<\/h5>\t\t\t\t<\/div>\n\t\t\t\t<\/div>\n\t\t\t\t<div class=\"elementor-element elementor-element-2c1b8480 elementor-widget elementor-widget-text-editor\" data-id=\"2c1b8480\" data-element_type=\"widget\" data-e-type=\"widget\" data-widget_type=\"text-editor.default\">\n\t\t\t\t<div class=\"elementor-widget-container\">\n\t\t\t\t\t\t\t\t\t<p>This project aimed to develop an online lab notebook solution that takes advantage of smart devices.<br \/>During laboratory work, the documentation of what exactly was changed on machines either comes too short or a lot of time and effort must be spent to make the documentation neat.<br \/>In order to reduce these hurdles and to document the results more comprehensibly and transparently, smartphones and tablets are to be used, which can directly add images and comments to the lab book in an uncomplicated way.<\/p><p>This was a relatively generic addition for standard systems (e.g., eLog).<br \/>However, since the systems considered allow subsequent editing of the lab books and thus do not comply with good scientific practice, a separate server with unchangeable entries was added.<br \/>This is the first step for the legal usability of the entries.<\/p><p>The project ran with volunteers and student workers for only about 1.5 years, and the development has not been completed.<br \/>Since the team has disbanded and works elsewhere, the code is available for the inclined user.<br \/>However, I would like to revive the project if there is enough interest.<\/p>\t\t\t\t\t\t\t\t<\/div>\n\t\t\t\t<\/div>\n\t\t\t\t\t<\/div>\n\t\t<\/div>\n\t\t\t\t\t<\/div>\n\t\t<\/section>\n\t\t\t\t<section class=\"elementor-section elementor-top-section elementor-element elementor-element-785a1401 elementor-section-boxed elementor-section-height-default elementor-section-height-default\" data-id=\"785a1401\" data-element_type=\"section\" data-e-type=\"section\">\n\t\t\t\t\t\t<div class=\"elementor-container elementor-column-gap-default\">\n\t\t\t\t\t<div class=\"elementor-column elementor-col-100 elementor-top-column elementor-element elementor-element-61f57f73\" data-id=\"61f57f73\" data-element_type=\"column\" data-e-type=\"column\">\n\t\t\t<div class=\"elementor-widget-wrap elementor-element-populated\">\n\t\t\t\t\t\t<div class=\"elementor-element elementor-element-31ca92d elementor-widget-divider--view-line elementor-widget elementor-widget-divider\" data-id=\"31ca92d\" data-element_type=\"widget\" data-e-type=\"widget\" data-widget_type=\"divider.default\">\n\t\t\t\t<div class=\"elementor-widget-container\">\n\t\t\t\t\t\t\t<div class=\"elementor-divider\">\n\t\t\t<span class=\"elementor-divider-separator\">\n\t\t\t\t\t\t<\/span>\n\t\t<\/div>\n\t\t\t\t\t\t<\/div>\n\t\t\t\t<\/div>\n\t\t\t\t<div class=\"elementor-element elementor-element-9ad2530 elementor-widget elementor-widget-text-editor\" data-id=\"9ad2530\" data-element_type=\"widget\" data-e-type=\"widget\" data-widget_type=\"text-editor.default\">\n\t\t\t\t<div class=\"elementor-widget-container\">\n\t\t\t\t\t\t\t\t\t<ol><li>Github Repositories<br \/><a href=\"https:\/\/github.com\/labortablet\">https:\/\/github.com\/labortablet<\/a><\/li><\/ol>\t\t\t\t\t\t\t\t<\/div>\n\t\t\t\t<\/div>\n\t\t\t\t\t<\/div>\n\t\t<\/div>\n\t\t\t\t\t<\/div>\n\t\t<\/section>\n\t\t\t\t<\/div>\n\t\t","protected":false},"excerpt":{"rendered":"<p>Eckdaten Zeit: 06\/2014 \u2013 12\/2015 An der Universit\u00e4t Siegen Im Rahmen der studentischen Projekte Fokus: Software Enwicklung: App Datenbank Server Ergebnisse Dieses Projekt resultierte in einem nutzbaren Zwischenstatus: Einige github repositories mit dem entwickelten Code. BESCHREIBUNG Das Ziel dieses Projektes war die Enwicklung einer Online Laborbuchl\u00f6sung, die die Vorteile von smarten Endger\u00e4ten nutzt. W\u00e4hrend Laborarbeiten [&hellip;]<\/p>\n","protected":false},"author":1,"featured_media":0,"parent":33,"menu_order":100,"comment_status":"closed","ping_status":"closed","template":"","meta":{"footnotes":""},"class_list":["post-233","page","type-page","status-publish","hentry"],"_links":{"self":[{"href":"https:\/\/f-schmitz.net\/benedikt\/wp-json\/wp\/v2\/pages\/233","targetHints":{"allow":["GET"]}}],"collection":[{"href":"https:\/\/f-schmitz.net\/benedikt\/wp-json\/wp\/v2\/pages"}],"about":[{"href":"https:\/\/f-schmitz.net\/benedikt\/wp-json\/wp\/v2\/types\/page"}],"author":[{"embeddable":true,"href":"https:\/\/f-schmitz.net\/benedikt\/wp-json\/wp\/v2\/users\/1"}],"replies":[{"embeddable":true,"href":"https:\/\/f-schmitz.net\/benedikt\/wp-json\/wp\/v2\/comments?post=233"}],"version-history":[{"count":5,"href":"https:\/\/f-schmitz.net\/benedikt\/wp-json\/wp\/v2\/pages\/233\/revisions"}],"predecessor-version":[{"id":239,"href":"https:\/\/f-schmitz.net\/benedikt\/wp-json\/wp\/v2\/pages\/233\/revisions\/239"}],"up":[{"embeddable":true,"href":"https:\/\/f-schmitz.net\/benedikt\/wp-json\/wp\/v2\/pages\/33"}],"wp:attachment":[{"href":"https:\/\/f-schmitz.net\/benedikt\/wp-json\/wp\/v2\/media?parent=233"}],"curies":[{"name":"wp","href":"https:\/\/api.w.org\/{rel}","templated":true}]}}