{"id":17,"date":"2023-04-17T11:39:22","date_gmt":"2023-04-17T11:39:22","guid":{"rendered":"https:\/\/f-schmitz.net\/benedikt\/?page_id=17"},"modified":"2024-10-30T15:12:19","modified_gmt":"2024-10-30T15:12:19","slug":"publikationen-publications","status":"publish","type":"page","link":"https:\/\/f-schmitz.net\/benedikt\/publikationen-publications\/","title":{"rendered":"Publikationen \/ Publications"},"content":{"rendered":"\t\t<div data-elementor-type=\"wp-page\" data-elementor-id=\"17\" class=\"elementor elementor-17\">\n\t\t\t\t\t\t<section class=\"elementor-section elementor-top-section elementor-element elementor-element-7f7aa5d2 elementor-section-boxed elementor-section-height-default elementor-section-height-default\" data-id=\"7f7aa5d2\" data-element_type=\"section\" data-e-type=\"section\">\n\t\t\t\t\t\t<div class=\"elementor-container elementor-column-gap-default\">\n\t\t\t\t\t<div class=\"elementor-column elementor-col-100 elementor-top-column elementor-element elementor-element-caa59e1\" data-id=\"caa59e1\" data-element_type=\"column\" data-e-type=\"column\">\n\t\t\t<div class=\"elementor-widget-wrap elementor-element-populated\">\n\t\t\t\t\t\t<div class=\"elementor-element elementor-element-b77fb68 elementor-widget elementor-widget-heading\" data-id=\"b77fb68\" data-element_type=\"widget\" data-e-type=\"widget\" data-widget_type=\"heading.default\">\n\t\t\t\t<div class=\"elementor-widget-container\">\n\t\t\t\t\t<h5 class=\"elementor-heading-title elementor-size-default\">Wissenschaftliche Artikel \/ Peer-reviewed Articles<\/h5>\t\t\t\t<\/div>\n\t\t\t\t<\/div>\n\t\t\t\t<div class=\"elementor-element elementor-element-5ccfcc6 elementor-widget elementor-widget-text-editor\" data-id=\"5ccfcc6\" data-element_type=\"widget\" data-e-type=\"widget\" data-widget_type=\"text-editor.default\">\n\t\t\t\t<div class=\"elementor-widget-container\">\n\t\t\t\t\t\t\t\t\t<ol reversed=\"\"><li>S. Scheuren, T. J\u00e4ger, J. Kohl, S. Kuschel, T. F. R\u00f6sch, B. Schmitz, M. Zimmer, C. R\u00f6del und M. Roth<br \/><a href=\"https:\/\/doi.org\/10.1140\/epjp\/s13360-024-05454-y\">Scaling of laboratory neutron sources based on laser wakefield-accelerated electrons using Monte Carlo simulations<\/a><br \/><em>The European Physical Journal Plus, <\/em>139.8 (2024)<\/li><li>B. Schmitz, S. Scheuren<br \/><a href=\"https:\/\/doi.org\/10.3390\/jne5020009\">Neutron Yield Predictions with Artificial Neural Networks: A Predictive Modeling Approach<\/a><br \/><em>J. Nucl. Eng<\/em> <em>5<\/em>(2), 114-127 (2024)<\/li><li>B. Schmitz, D. Kreuter, and O. Boine-Frankenheim<br \/><a href=\"https:\/\/doi.org\/10.1155\/2023\/2868112\" target=\"_blank\" rel=\"noopener\">Modeling of a Liquid Leaf Target TNSA Experiment using Particle-In-Cell Simulations and Deep Learning<br \/><\/a><span style=\"font-family: Arial;\"><i>L<\/i><span dir=\"ltr\" role=\"presentation\"><i>aser and Particle Beams<\/i>, vol. 2023, Article ID 2868112 (2023)<\/span><\/span><\/li><li><span style=\"font-family: Arial;\">B. Schmitz, M. Metternich, O. Boine-Frankenheim<br \/><a href=\"https:\/\/doi.org\/10.1063\/5.0094105\">Automated reconstruction of the initial distribution of laser accelerated ion beams from radiochromic film (RCF) stacks<\/a><br \/>Rev. Sci. Inst. 93, 093306 (2022) <\/span><\/li><li><span dir=\"ltr\" role=\"presentation\">M. Zimmer, S. Scheuren, T. Ebert, G. Schaumann, B. Schmitz, J. Hornung, V. Bagnoud, C. R\u00f6del, and M. Roth<br \/><\/span><a href=\"http:\/\/doi.org\/10.1103\/physreve.104.045210\"><span dir=\"ltr\" role=\"presentation\">Analysis of laser-proton acceleration experiments for development of empirical scaling laws<\/span><\/a><br \/><span dir=\"ltr\" role=\"presentation\">Phys. Rev. E,<\/span> <span dir=\"ltr\" role=\"presentation\">104.4, 045210 (2021) <\/span><\/li><li><span dir=\"ltr\" role=\"presentation\">B. Schmitz, J. K\u00f6szegi, K. Alomari, O. Kugeler, and J. Knobloch<br \/><a href=\"http:\/\/doi.org\/10.1063\/1.5030509\">Magnetometric mapping of <\/a><\/span><a href=\"http:\/\/doi.org\/10.1063\/1.5030509\"><span dir=\"ltr\" role=\"presentation\">superconducting RF cavities<\/span><\/a><br \/>Rev. Sci. Inst. <span dir=\"ltr\" role=\"presentation\">89.5, 054706 (2018)<\/span><\/li><\/ol>\t\t\t\t\t\t\t\t<\/div>\n\t\t\t\t<\/div>\n\t\t\t\t<div class=\"elementor-element elementor-element-2a9bf0f elementor-widget elementor-widget-heading\" data-id=\"2a9bf0f\" data-element_type=\"widget\" data-e-type=\"widget\" data-widget_type=\"heading.default\">\n\t\t\t\t<div class=\"elementor-widget-container\">\n\t\t\t\t\t<h5 class=\"elementor-heading-title elementor-size-default\">Konferenzbeitr\u00e4ge \/ Non-Reviewed Published Conference Contributions<\/h5>\t\t\t\t<\/div>\n\t\t\t\t<\/div>\n\t\t\t\t<div class=\"elementor-element elementor-element-539ac93 elementor-widget elementor-widget-text-editor\" data-id=\"539ac93\" data-element_type=\"widget\" data-e-type=\"widget\" data-widget_type=\"text-editor.default\">\n\t\t\t\t<div class=\"elementor-widget-container\">\n\t\t\t\t\t\t\t\t\t<ol reversed=\"\">\n<li><span dir=\"ltr\" role=\"presentation\">J. K\u00f6szegi, K. Alomari, J. Knobloch, O. Kugeler, and B. Schmitz<br><a href=\"http:\/\/doi.org\/10.18429\/JACoW-IPAC2018-TUZGBE5\">A Combined Temperature and <\/a><\/span><a href=\"http:\/\/doi.org\/10.18429\/JACoW-IPAC2018-TUZGBE5\"><span dir=\"ltr\" role=\"presentation\">Magnetic Field Mapping System for SRF Cavities<\/span><\/a><br>\n<span dir=\"ltr\" role=\"presentation\">Proc. 9th International Particle Accelerator Conference (2018)<\/span><\/li>\n<li><span dir=\"ltr\" role=\"presentation\">B. Schmitz, K. Alomari, J. Knobloch, O. Kugeler, J. K\u00f6szegi, and Y. Tamashevich<br><a href=\"http:\/\/doi.org\/10.18429\/JACoW-SRF2017-TUPB082\">Setup of a Spatially Resolving Vector Magnetometry System for the Investigation of Flux <\/a><\/span><a href=\"http:\/\/doi.org\/10.18429\/JACoW-SRF2017-TUPB082\"><span dir=\"ltr\" role=\"presentation\">Trapping in Superconducting Cavities<\/span> <\/a><br>\n<span dir=\"ltr\" role=\"presentation\">Proc. of International Conference on RF Superconductivity (2018)<\/span><\/li>\n<li><span dir=\"ltr\" role=\"presentation\">B. Schmitz, K. Alomari, J. Knobloch, O. Kugeler, J. K\u00f6szegi, and Y. Tamashevich<br><a href=\"http:\/\/doi.org\/10.18429\/JACoW-IPAC2017-MOPVA050\">Setup of a Spatially <\/a><\/span><a href=\"http:\/\/doi.org\/10.18429\/JACoW-IPAC2017-MOPVA050\"><span dir=\"ltr\" role=\"presentation\">Resolving Vector Magnetometry System for the Investigation of Flux Trapping in Superconducting Cavities<\/span><\/a><br role=\"presentation\"><span dir=\"ltr\" role=\"presentation\">Proc. 8th International Particle Accelerator Conference (2017)<\/span><\/li>\n<\/ol>\t\t\t\t\t\t\t\t<\/div>\n\t\t\t\t<\/div>\n\t\t\t\t<div class=\"elementor-element elementor-element-cbdf7b8 elementor-widget elementor-widget-heading\" data-id=\"cbdf7b8\" data-element_type=\"widget\" data-e-type=\"widget\" data-widget_type=\"heading.default\">\n\t\t\t\t<div class=\"elementor-widget-container\">\n\t\t\t\t\t<h5 class=\"elementor-heading-title elementor-size-default\">Patente \/ Patents<\/h5>\t\t\t\t<\/div>\n\t\t\t\t<\/div>\n\t\t\t\t<div class=\"elementor-element elementor-element-8ae6318 elementor-widget elementor-widget-text-editor\" data-id=\"8ae6318\" data-element_type=\"widget\" data-e-type=\"widget\" data-widget_type=\"text-editor.default\">\n\t\t\t\t<div class=\"elementor-widget-container\">\n\t\t\t\t\t\t\t\t\t<ol reversed=\"\"><li><span dir=\"ltr\" role=\"presentation\">B. Schmitz, P. Y. Sch\u00e4dler, M. M. Seitz, and H. C. Jung<br \/>Vorrichtung zum Detektieren einer <\/span><span dir=\"ltr\" role=\"presentation\">Markierungssubstanz in mindestens einer Probe<br \/>German. Patent WO 2021\/144152 A1 | DE 10 2020 100 <\/span><span dir=\"ltr\" role=\"presentation\">936 A1 (2020)<br \/><\/span><\/li><li><span dir=\"ltr\" role=\"presentation\">B. Schmitz, K. Alomari, O. Kugeler, and J. K\u00f6szegi<br \/>Vorrichtung und Verfahren zur Nutzung <\/span><span dir=\"ltr\" role=\"presentation\">eines anisotrop magnetoresistiven Sensors zur Bestimmung von Magnetfeldern und Temperaturen<br \/>German. <\/span><span dir=\"ltr\" role=\"presentation\">Patent DE 10 2017 127 578.4. (2017)<\/span><\/li><\/ol>\t\t\t\t\t\t\t\t<\/div>\n\t\t\t\t<\/div>\n\t\t\t\t<div class=\"elementor-element elementor-element-43916bb elementor-widget elementor-widget-heading\" data-id=\"43916bb\" data-element_type=\"widget\" data-e-type=\"widget\" data-widget_type=\"heading.default\">\n\t\t\t\t<div class=\"elementor-widget-container\">\n\t\t\t\t\t<h5 class=\"elementor-heading-title elementor-size-default\">Preise \/ AWARDS<\/h5>\t\t\t\t<\/div>\n\t\t\t\t<\/div>\n\t\t\t\t<div class=\"elementor-element elementor-element-7ed0400 elementor-widget elementor-widget-text-editor\" data-id=\"7ed0400\" data-element_type=\"widget\" data-e-type=\"widget\" data-widget_type=\"text-editor.default\">\n\t\t\t\t<div class=\"elementor-widget-container\">\n\t\t\t\t\t\t\t\t\t<ol reversed=\"\">\n<li><span dir=\"ltr\" role=\"presentation\">B. Schmitz, P. Y. Sch\u00e4dler, and H. C. Jung won f<\/span><span dir=\"ltr\" role=\"presentation\">irst prize at Medtech:Hack with BIOSCAN <br>CERN (April 2018)<br><\/span><\/li>\n<\/ol>\t\t\t\t\t\t\t\t<\/div>\n\t\t\t\t<\/div>\n\t\t\t\t<div class=\"elementor-element elementor-element-e0b5333 elementor-widget elementor-widget-heading\" data-id=\"e0b5333\" data-element_type=\"widget\" data-e-type=\"widget\" data-widget_type=\"heading.default\">\n\t\t\t\t<div class=\"elementor-widget-container\">\n\t\t\t\t\t<h5 class=\"elementor-heading-title elementor-size-default\">Datens\u00e4tze Und Software \/ Datasets and Code<\/h5>\t\t\t\t<\/div>\n\t\t\t\t<\/div>\n\t\t\t\t<div class=\"elementor-element elementor-element-82017b3 elementor-widget elementor-widget-text-editor\" data-id=\"82017b3\" data-element_type=\"widget\" data-e-type=\"widget\" data-widget_type=\"text-editor.default\">\n\t\t\t\t<div class=\"elementor-widget-container\">\n\t\t\t\t\t\t\t\t\t<ol reversed=\"\"><li>B. Schmitz<br \/><a href=\"https:\/\/doi.org\/10.48328\/tudatalib-1185\">Modeling a Neutron Yield Model<\/a> (Upload 2023)<\/li><li>B. Schmitz<br \/><a href=\"https:\/\/doi.org\/10.48328\/tudatalib-1186\">Neuron Yield Spectra simulated with Monte Carlo code<\/a> (Upload 2023)<\/li><li>B. Schmitz, D. Kreuter<br \/><a href=\"https:\/\/doi.org\/10.48328\/tudatalib-1142\">Modeling a Liquid Leaf Target Experiment<\/a> (Upload 2023)<\/li><li>B. Schmitz, D. Kreuter<br \/><a href=\"https:\/\/doi.org\/10.48328\/tudatalib-1143\">Particle In Cell Simulations for a Liquid Leaf Target Experiment<\/a> (Upload 2023)<\/li><li><span dir=\"ltr\" role=\"presentation\">B. Schmitz, B. Endl<br \/>gitlab: <a href=\"http:\/\/doi.org\/10.5281\/ZENODO.6383868\">pythonbased RCF Evaluation Software<\/a><\/span><span dir=\"ltr\" role=\"presentation\"> (pyRES) (2022)<\/span><\/li><\/ol>\t\t\t\t\t\t\t\t<\/div>\n\t\t\t\t<\/div>\n\t\t\t\t\t<\/div>\n\t\t<\/div>\n\t\t\t\t\t<\/div>\n\t\t<\/section>\n\t\t\t\t<section class=\"elementor-section elementor-top-section elementor-element elementor-element-3c92d4c elementor-section-boxed elementor-section-height-default elementor-section-height-default\" data-id=\"3c92d4c\" data-element_type=\"section\" data-e-type=\"section\">\n\t\t\t\t\t\t<div class=\"elementor-container elementor-column-gap-default\">\n\t\t\t\t\t<div class=\"elementor-column elementor-col-100 elementor-top-column elementor-element elementor-element-eddfcec\" data-id=\"eddfcec\" data-element_type=\"column\" data-e-type=\"column\">\n\t\t\t<div class=\"elementor-widget-wrap elementor-element-populated\">\n\t\t\t\t\t\t<div class=\"elementor-element elementor-element-3a8e670 elementor-widget elementor-widget-heading\" data-id=\"3a8e670\" data-element_type=\"widget\" data-e-type=\"widget\" data-widget_type=\"heading.default\">\n\t\t\t\t<div class=\"elementor-widget-container\">\n\t\t\t\t\t<h5 class=\"elementor-heading-title elementor-size-default\">Dissertation<\/h5>\t\t\t\t<\/div>\n\t\t\t\t<\/div>\n\t\t\t\t\t<\/div>\n\t\t<\/div>\n\t\t\t\t\t<\/div>\n\t\t<\/section>\n\t\t\t\t<section class=\"elementor-section elementor-top-section elementor-element elementor-element-5a960e8 elementor-section-boxed elementor-section-height-default elementor-section-height-default\" data-id=\"5a960e8\" data-element_type=\"section\" data-e-type=\"section\">\n\t\t\t\t\t\t<div class=\"elementor-container elementor-column-gap-default\">\n\t\t\t\t\t<div class=\"elementor-column elementor-col-100 elementor-top-column elementor-element elementor-element-9c9b1e4\" data-id=\"9c9b1e4\" data-element_type=\"column\" data-e-type=\"column\">\n\t\t\t<div class=\"elementor-widget-wrap elementor-element-populated\">\n\t\t\t\t\t\t<div class=\"elementor-element elementor-element-f9ddc2e elementor-widget elementor-widget-text-editor\" data-id=\"f9ddc2e\" data-element_type=\"widget\" data-e-type=\"widget\" data-widget_type=\"text-editor.default\">\n\t\t\t\t<div class=\"elementor-widget-container\">\n\t\t\t\t\t\t\t\t\t<ol reversed=\"\"><li><span dir=\"ltr\" role=\"presentation\">B. Schmitz<br \/><\/span><a href=\"https:\/\/tuprints.ulb.tu-darmstadt.de\/24335\/\" target=\"_blank\" rel=\"noopener\">Towards Compact Laser-Driven Neutron Sources: A numerical study of liquid leaf targets for high repetition rate laser experiments and neutron production using deep learning.<\/a> <br \/><span dir=\"ltr\" role=\"presentation\">tuprints, TU Darmstadt (2023)<br \/><\/span><\/li><\/ol>\t\t\t\t\t\t\t\t<\/div>\n\t\t\t\t<\/div>\n\t\t\t\t\t<\/div>\n\t\t<\/div>\n\t\t\t\t\t<\/div>\n\t\t<\/section>\n\t\t\t\t<\/div>\n\t\t","protected":false},"excerpt":{"rendered":"<p>Wissenschaftliche Artikel \/ Peer-reviewed Articles S. Scheuren, T. J\u00e4ger, J. Kohl, S. Kuschel, T. F. R\u00f6sch, B. Schmitz, M. Zimmer, C. R\u00f6del und M. RothScaling of laboratory neutron sources based on laser wakefield-accelerated electrons using Monte Carlo simulationsThe European Physical Journal Plus, 139.8 (2024) B. Schmitz, S. ScheurenNeutron Yield Predictions with Artificial Neural Networks: A [&hellip;]<\/p>\n","protected":false},"author":1,"featured_media":0,"parent":0,"menu_order":90,"comment_status":"closed","ping_status":"closed","template":"","meta":{"footnotes":""},"class_list":["post-17","page","type-page","status-publish","hentry"],"_links":{"self":[{"href":"https:\/\/f-schmitz.net\/benedikt\/wp-json\/wp\/v2\/pages\/17","targetHints":{"allow":["GET"]}}],"collection":[{"href":"https:\/\/f-schmitz.net\/benedikt\/wp-json\/wp\/v2\/pages"}],"about":[{"href":"https:\/\/f-schmitz.net\/benedikt\/wp-json\/wp\/v2\/types\/page"}],"author":[{"embeddable":true,"href":"https:\/\/f-schmitz.net\/benedikt\/wp-json\/wp\/v2\/users\/1"}],"replies":[{"embeddable":true,"href":"https:\/\/f-schmitz.net\/benedikt\/wp-json\/wp\/v2\/comments?post=17"}],"version-history":[{"count":40,"href":"https:\/\/f-schmitz.net\/benedikt\/wp-json\/wp\/v2\/pages\/17\/revisions"}],"predecessor-version":[{"id":423,"href":"https:\/\/f-schmitz.net\/benedikt\/wp-json\/wp\/v2\/pages\/17\/revisions\/423"}],"wp:attachment":[{"href":"https:\/\/f-schmitz.net\/benedikt\/wp-json\/wp\/v2\/media?parent=17"}],"curies":[{"name":"wp","href":"https:\/\/api.w.org\/{rel}","templated":true}]}}